{"id":2189,"date":"2020-04-16T11:02:59","date_gmt":"2020-04-16T11:02:59","guid":{"rendered":"https:\/\/thesoccerdrills.com\/subscription\/annual-plan\/"},"modified":"2020-11-24T10:23:19","modified_gmt":"2020-11-24T10:23:19","slug":"plan-anual","status":"publish","type":"product","link":"https:\/\/thesoccerdrills.com\/es\/suscripcion\/plan-anual\/","title":{"rendered":"Plan Anual"},"content":{"rendered":"<p>[et_pb_section fb_built=\u00bb1&#8243; admin_label=\u00bbSection WooCommerce\u00bb _builder_version=\u00bb4.4.8&#8243; use_background_color_gradient=\u00bbon\u00bb background_color_gradient_start=\u00bb#000000&#8243; background_color_gradient_end=\u00bb#2dbb51&#8243; background_color_gradient_direction=\u00bb270deg\u00bb background_image=\u00bbhttps:\/\/thesoccerdrills.com\/wp-content\/uploads\/bg-annual-plan.png\u00bb background_size=\u00bbcontain\u00bb background_position=\u00bbbottom_left\u00bb collapsed=\u00bbon\u00bb][et_pb_row _builder_version=\u00bb4.0.11&#8243; custom_padding=\u00bb0px||0px||false|false\u00bb][et_pb_column type=\u00bb4_4&#8243; _builder_version=\u00bb4.0.11&#8243; custom_padding__hover=\u00bb|||\u00bb][et_pb_wc_cart_notice admin_label=\u00bbWoo Cart Notice\u00bb _builder_version=\u00bb4.0.11&#8243; custom_margin=\u00bb0em|0em|0em|0em|false|false\u00bb custom_padding=\u00bb||||false|false\u00bb][\/et_pb_wc_cart_notice][\/et_pb_column][\/et_pb_row][et_pb_row column_structure=\u00bb2_5,3_5&#8243; use_custom_gutter=\u00bbon\u00bb gutter_width=\u00bb4&#8243; _builder_version=\u00bb4.3.4&#8243; background_size=\u00bbinitial\u00bb background_position=\u00bbtop_left\u00bb background_repeat=\u00bbrepeat\u00bb saved_tabs=\u00bball\u00bb][et_pb_column type=\u00bb2_5&#8243; _builder_version=\u00bb4.0.11&#8243; custom_padding__hover=\u00bb|||\u00bb][et_pb_wc_images show_product_gallery=\u00bboff\u00bb show_sale_badge=\u00bboff\u00bb _builder_version=\u00bb4.4.0&#8243; background_enable_color=\u00bboff\u00bb custom_margin=\u00bb||||false|false\u00bb custom_padding=\u00bb||||false|false\u00bb border_radii_image=\u00bbon|7px|7px|7px|7px\u00bb box_shadow_style_image=\u00bbpreset3&#8243; box_shadow_blur_image=\u00bb30px\u00bb box_shadow_spread_image=\u00bb6px\u00bb][\/et_pb_wc_images][\/et_pb_column][et_pb_column type=\u00bb3_5&#8243; _builder_version=\u00bb4.0.11&#8243; custom_padding__hover=\u00bb|||\u00bb][et_pb_wc_title _builder_version=\u00bb4.4.0&#8243; header_font_size=\u00bb48px\u00bb background_enable_color=\u00bboff\u00bb background_layout=\u00bbdark\u00bb custom_margin=\u00bb||10px||false|false\u00bb header_text_shadow_style=\u00bbpreset1&#8243; header_text_shadow_color=\u00bbrgba(0,0,0,0.3)\u00bb][\/et_pb_wc_title][et_pb_wc_price _builder_version=\u00bb4.4.0&#8243; custom_margin=\u00bb||4%||false|false\u00bb][\/et_pb_wc_price][et_pb_wc_description _builder_version=\u00bb4.4.0&#8243; body_font_size=\u00bb19px\u00bb body_line_height=\u00bb1.6em\u00bb background_layout=\u00bbdark\u00bb custom_margin=\u00bb||4%||false|false\u00bb body_text_shadow_style=\u00bbpreset1&#8243; body_text_shadow_color=\u00bbrgba(0,0,0,0.3)\u00bb][\/et_pb_wc_description][et_pb_wc_rating _builder_version=\u00bb4.4.8&#8243;][\/et_pb_wc_rating][et_pb_wc_add_to_cart show_quantity=\u00bboff\u00bb show_stock=\u00bboff\u00bb _builder_version=\u00bb4.4.0&#8243; custom_button=\u00bbon\u00bb button_text_color=\u00bb#ffffff\u00bb button_bg_color=\u00bb#e5a200&#8243; button_border_color=\u00bb#e5a200&#8243; button_icon=\u00bb%%114%%\u00bb][\/et_pb_wc_add_to_cart][\/et_pb_column][\/et_pb_row][\/et_pb_section][et_pb_section fb_built=\u00bb1&#8243; admin_label=\u00bbARTICLES\u00bb _builder_version=\u00bb4.4.8&#8243; background_enable_color=\u00bboff\u00bb background_color_gradient_direction=\u00bb90deg\u00bb background_image=\u00bbhttps:\/\/thesoccerdrills.com\/wp-content\/uploads\/bg-passing.png\u00bb parallax=\u00bbon\u00bb custom_margin=\u00bb||||false|false\u00bb custom_padding=\u00bb5vw||7vw||false|false\u00bb top_divider_color=\u00bb#000000&#8243; bottom_divider_flip=\u00bbhorizontal|vertical\u00bb global_module=\u00bb1707&#8243; saved_tabs=\u00bball\u00bb collapsed=\u00bboff\u00bb][et_pb_row column_structure=\u00bb3_5,2_5&#8243; _builder_version=\u00bb4.0.9&#8243;][et_pb_column type=\u00bb3_5&#8243; _builder_version=\u00bb4.0.6&#8243;][et_pb_cta title=\u00bbArt\u00edculos\u00bb admin_label=\u00bbTitle\u00bb _builder_version=\u00bb4.7.3&#8243; header_font=\u00bb|800||on|||||\u00bb header_font_size=\u00bb48px\u00bb body_font_size=\u00bb19px\u00bb body_line_height=\u00bb1.6em\u00bb background_enable_color=\u00bboff\u00bb use_background_color=\u00bboff\u00bb text_orientation=\u00bbleft\u00bb background_layout=\u00bblight\u00bb]<\/p>\n<p>Amplia variedad de art\u00edculos y recursos de capacitaci\u00f3n en l\u00ednea para la capacitaci\u00f3n de entrenadores y jugadores de f\u00fatbol.<\/p>\n<p>[\/et_pb_cta][\/et_pb_column][et_pb_column type=\u00bb2_5&#8243; _builder_version=\u00bb4.0.6&#8243;][et_pb_image src=\u00bbhttps:\/\/thesoccerdrills.com\/wp-content\/uploads\/passing.png\u00bb title_text=\u00bbpassing\u00bb align=\u00bbcenter\u00bb admin_label=\u00bbLogo\u00bb _builder_version=\u00bb4.4.7&#8243;][\/et_pb_image][\/et_pb_column][\/et_pb_row][et_pb_row _builder_version=\u00bb4.0.9&#8243;][et_pb_column type=\u00bb4_4&#8243; _builder_version=\u00bb4.0.6&#8243;][et_pb_blog fullwidth=\u00bboff\u00bb posts_number=\u00bb3&#8243; show_author=\u00bboff\u00bb show_date=\u00bboff\u00bb show_categories=\u00bboff\u00bb show_pagination=\u00bboff\u00bb use_overlay=\u00bbon\u00bb hover_overlay_color=\u00bbrgba(0,0,0,0.6)\u00bb masonry_tile_background_color=\u00bb#ffffff\u00bb admin_label=\u00bbArticles\u00bb _builder_version=\u00bb4.4.8&#8243; header_level=\u00bbh3&#8243; border_radii=\u00bbon|7px|7px|7px|7px\u00bb border_color_all=\u00bbrgba(51,51,51,0.13)\u00bb box_shadow_style=\u00bbpreset3&#8243; box_shadow_blur__hover=\u00bb30px\u00bb box_shadow_blur__hover_enabled=\u00bbon|hover\u00bb box_shadow_spread__hover=\u00bb6px\u00bb box_shadow_spread__hover_enabled=\u00bbon|hover\u00bb background__hover_enabled=\u00bbon|hover\u00bb][\/et_pb_blog][\/et_pb_column][\/et_pb_row][\/et_pb_section][et_pb_section fb_built=\u00bb1&#8243; custom_padding_last_edited=\u00bbon|phone\u00bb admin_label=\u00bbSUBSCRIBE EMAIL\u00bb _builder_version=\u00bb4.4.7&#8243; background_enable_color=\u00bboff\u00bb use_background_color_gradient=\u00bbon\u00bb background_color_gradient_start=\u00bb#000000&#8243; background_color_gradient_end=\u00bb#2dbb51&#8243; background_color_gradient_direction=\u00bb360deg\u00bb background_image=\u00bbhttps:\/\/thesoccerdrills.com\/wp-content\/uploads\/bg-subscribe.png\u00bb background_position=\u00bbtop_center\u00bb custom_margin=\u00bb||\u00bb custom_padding=\u00bb16vw||5vw||false|\u00bb custom_padding_tablet=\u00bb36vw||\u00bb custom_padding_phone=\u00bb46vw||4vw||false|\u00bb global_module=\u00bb1670&#8243; saved_tabs=\u00bball\u00bb locked=\u00bboff\u00bb collapsed=\u00bbon\u00bb][et_pb_row column_structure=\u00bb1_2,1_2&#8243; _builder_version=\u00bb3.25&#8243;][et_pb_column type=\u00bb1_2&#8243; _builder_version=\u00bb3.25&#8243; custom_padding=\u00bb|||\u00bb custom_padding__hover=\u00bb|||\u00bb][et_pb_cta title=\u00bbSuscr\u00edbete\u00bb _builder_version=\u00bb4.4.7&#8243; header_font=\u00bb|800||on|||||\u00bb header_font_size=\u00bb48px\u00bb body_font_size=\u00bb19px\u00bb body_line_height=\u00bb1.6em\u00bb background_enable_color=\u00bboff\u00bb use_background_color=\u00bboff\u00bb text_orientation=\u00bbleft\u00bb custom_margin=\u00bb||0px||false|false\u00bb locked=\u00bboff\u00bb]Suscr\u00edbete y recibir\u00e1s nuestras actualizaciones de contenidos (gratuitas y de suscripci\u00f3n).[\/et_pb_cta][et_pb_signup mailchimp_list=\u00bbThe Soccer Drills|9e0af33c79&#8243; first_name_field=\u00bboff\u00bb last_name_field=\u00bboff\u00bb use_custom_fields=\u00bbon\u00bb module_class=\u00bbpa-hide-optin-group\u00bb _builder_version=\u00bb4.4.3&#8243; form_field_font=\u00bb||||||||\u00bb use_background_color=\u00bboff\u00bb border_radii_fields=\u00bbon|5px|5px|5px|5px\u00bb button_bg_color__hover_enabled=\u00bbon|desktop\u00bb button_bg_color__hover=\u00bb#12892B\u00bb button_bg_enable_color__hover=\u00bbon\u00bb][\/et_pb_signup][et_pb_social_media_follow _builder_version=\u00bb4.0.9&#8243; text_orientation=\u00bbcenter\u00bb][et_pb_social_media_follow_network social_network=\u00bbfacebook\u00bb _builder_version=\u00bb3.22.7&#8243; background_color=\u00bbrgba(0,0,0,0)\u00bb custom_padding=\u00bb10px|10px|10px|10px\u00bb border_radii=\u00bbon|0px|0px|0px|0px\u00bb]facebook[\/et_pb_social_media_follow_network][et_pb_social_media_follow_network social_network=\u00bbtwitter\u00bb _builder_version=\u00bb3.22.7&#8243; background_color=\u00bbrgba(0,0,0,0)\u00bb custom_padding=\u00bb10px|10px|10px|10px\u00bb border_radii=\u00bbon|0px|0px|0px|0px\u00bb]twitter[\/et_pb_social_media_follow_network][et_pb_social_media_follow_network social_network=\u00bbyoutube\u00bb _builder_version=\u00bb3.22.7&#8243; background_color=\u00bbrgba(0,0,0,0)\u00bb custom_padding=\u00bb10px|10px|10px|10px\u00bb border_radii=\u00bbon|0px|0px|0px|0px\u00bb]youtube[\/et_pb_social_media_follow_network][\/et_pb_social_media_follow][\/et_pb_column][et_pb_column type=\u00bb1_2&#8243; _builder_version=\u00bb3.25&#8243; custom_padding=\u00bb|||\u00bb custom_padding__hover=\u00bb|||\u00bb][\/et_pb_column][\/et_pb_row][\/et_pb_section]<\/p>\n","protected":false},"excerpt":{"rendered":"<p>Obtenga un plan anual con acceso ilimitado a todas las sesiones y herramientas de entrenamiento para satisfacer todas las necesidades de los entrenadores de f\u00fatbol.<\/p>\n","protected":false},"featured_media":1957,"comment_status":"open","ping_status":"closed","template":"","meta":{"_et_pb_use_builder":"on","_et_pb_old_content":"","_et_gb_content_width":""},"product_cat":[168],"product_tag":[],"acf":[],"yoast_head":"<!-- This site is optimized with the Yoast SEO Premium plugin v21.1 (Yoast SEO v21.1) - https:\/\/yoast.com\/wordpress\/plugins\/seo\/ -->\n<title>Plan Anual | The Soccer Drills<\/title>\n<meta name=\"description\" content=\"Obtenga un plan anual con acceso ilimitado a todas las sesiones y herramientas de entrenamiento para satisfacer todas las necesidades de los entrenadores de f\u00fatbol.\" \/>\n<meta name=\"robots\" content=\"index, follow, max-snippet:-1, max-image-preview:large, max-video-preview:-1\" \/>\n<link rel=\"canonical\" href=\"https:\/\/thesoccerdrills.com\/es\/suscripcion\/plan-anual\/\" \/>\n<meta property=\"og:locale\" content=\"es_ES\" \/>\n<meta property=\"og:type\" content=\"article\" \/>\n<meta property=\"og:title\" content=\"Plan Anual\" \/>\n<meta property=\"og:description\" content=\"Obtenga un plan anual con acceso ilimitado a todas las sesiones y herramientas de entrenamiento para satisfacer todas las necesidades de los entrenadores de f\u00fatbol.\" \/>\n<meta property=\"og:url\" content=\"https:\/\/thesoccerdrills.com\/es\/suscripcion\/plan-anual\/\" \/>\n<meta property=\"og:site_name\" content=\"The Soccer Drills\" \/>\n<meta property=\"article:modified_time\" content=\"2020-11-24T10:23:19+00:00\" \/>\n<meta property=\"og:image\" content=\"https:\/\/thesoccerdrills.com\/wp-content\/uploads\/subscriptions-annual-plan.jpg\" \/>\n\t<meta property=\"og:image:width\" content=\"600\" \/>\n\t<meta property=\"og:image:height\" content=\"800\" \/>\n\t<meta property=\"og:image:type\" content=\"image\/jpeg\" \/>\n<meta name=\"twitter:card\" content=\"summary_large_image\" \/>\n<meta name=\"twitter:label1\" content=\"Tiempo de lectura\" \/>\n\t<meta name=\"twitter:data1\" content=\"5 minutos\" \/>\n<script type=\"application\/ld+json\" class=\"yoast-schema-graph\">{\"@context\":\"https:\/\/schema.org\",\"@graph\":[{\"@type\":\"WebPage\",\"@id\":\"https:\/\/thesoccerdrills.com\/es\/suscripcion\/plan-anual\/\",\"url\":\"https:\/\/thesoccerdrills.com\/es\/suscripcion\/plan-anual\/\",\"name\":\"Plan Anual | The Soccer Drills\",\"isPartOf\":{\"@id\":\"https:\/\/thesoccerdrills.com\/es\/#website\"},\"datePublished\":\"2020-04-16T11:02:59+00:00\",\"dateModified\":\"2020-11-24T10:23:19+00:00\",\"description\":\"Obtenga un plan anual con acceso ilimitado a todas las sesiones y herramientas de entrenamiento para satisfacer todas las necesidades de los entrenadores de f\u00fatbol.\",\"breadcrumb\":{\"@id\":\"https:\/\/thesoccerdrills.com\/es\/suscripcion\/plan-anual\/#breadcrumb\"},\"inLanguage\":\"es\",\"potentialAction\":[{\"@type\":\"ReadAction\",\"target\":[\"https:\/\/thesoccerdrills.com\/es\/suscripcion\/plan-anual\/\"]}]},{\"@type\":\"BreadcrumbList\",\"@id\":\"https:\/\/thesoccerdrills.com\/es\/suscripcion\/plan-anual\/#breadcrumb\",\"itemListElement\":[{\"@type\":\"ListItem\",\"position\":1,\"name\":\"Home\",\"item\":\"https:\/\/thesoccerdrills.com\/es\/\"},{\"@type\":\"ListItem\",\"position\":2,\"name\":\"Planes de Suscripci\u00f3n\",\"item\":\"https:\/\/thesoccerdrills.com\/es\/planes-de-suscripcion\/\"},{\"@type\":\"ListItem\",\"position\":3,\"name\":\"Plan Anual\"}]},{\"@type\":\"WebSite\",\"@id\":\"https:\/\/thesoccerdrills.com\/es\/#website\",\"url\":\"https:\/\/thesoccerdrills.com\/es\/\",\"name\":\"The Soccer Drills\",\"description\":\"Making Players Smart\",\"publisher\":{\"@id\":\"https:\/\/thesoccerdrills.com\/es\/#organization\"},\"potentialAction\":[{\"@type\":\"SearchAction\",\"target\":{\"@type\":\"EntryPoint\",\"urlTemplate\":\"https:\/\/thesoccerdrills.com\/es\/?s={search_term_string}\"},\"query-input\":\"required name=search_term_string\"}],\"inLanguage\":\"es\"},{\"@type\":\"Organization\",\"@id\":\"https:\/\/thesoccerdrills.com\/es\/#organization\",\"name\":\"The Soccer Drills\",\"url\":\"https:\/\/thesoccerdrills.com\/es\/\",\"logo\":{\"@type\":\"ImageObject\",\"inLanguage\":\"es\",\"@id\":\"https:\/\/thesoccerdrills.com\/es\/#\/schema\/logo\/image\/\",\"url\":\"https:\/\/thesoccerdrills.com\/wp-content\/uploads\/logotipo-V.jpg\",\"contentUrl\":\"https:\/\/thesoccerdrills.com\/wp-content\/uploads\/logotipo-V.jpg\",\"width\":512,\"height\":512,\"caption\":\"The Soccer Drills\"},\"image\":{\"@id\":\"https:\/\/thesoccerdrills.com\/es\/#\/schema\/logo\/image\/\"}}]}<\/script>\n<!-- \/ Yoast SEO Premium plugin. -->","yoast_head_json":{"title":"Plan Anual | The Soccer Drills","description":"Obtenga un plan anual con acceso ilimitado a todas las sesiones y herramientas de entrenamiento para satisfacer todas las necesidades de los entrenadores de f\u00fatbol.","robots":{"index":"index","follow":"follow","max-snippet":"max-snippet:-1","max-image-preview":"max-image-preview:large","max-video-preview":"max-video-preview:-1"},"canonical":"https:\/\/thesoccerdrills.com\/es\/suscripcion\/plan-anual\/","og_locale":"es_ES","og_type":"article","og_title":"Plan Anual","og_description":"Obtenga un plan anual con acceso ilimitado a todas las sesiones y herramientas de entrenamiento para satisfacer todas las necesidades de los entrenadores de f\u00fatbol.","og_url":"https:\/\/thesoccerdrills.com\/es\/suscripcion\/plan-anual\/","og_site_name":"The Soccer Drills","article_modified_time":"2020-11-24T10:23:19+00:00","og_image":[{"width":600,"height":800,"url":"https:\/\/thesoccerdrills.com\/wp-content\/uploads\/subscriptions-annual-plan.jpg","type":"image\/jpeg"}],"twitter_card":"summary_large_image","twitter_misc":{"Tiempo de lectura":"5 minutos"},"schema":{"@context":"https:\/\/schema.org","@graph":[{"@type":"WebPage","@id":"https:\/\/thesoccerdrills.com\/es\/suscripcion\/plan-anual\/","url":"https:\/\/thesoccerdrills.com\/es\/suscripcion\/plan-anual\/","name":"Plan Anual | The Soccer Drills","isPartOf":{"@id":"https:\/\/thesoccerdrills.com\/es\/#website"},"datePublished":"2020-04-16T11:02:59+00:00","dateModified":"2020-11-24T10:23:19+00:00","description":"Obtenga un plan anual con acceso ilimitado a todas las sesiones y herramientas de entrenamiento para satisfacer todas las necesidades de los entrenadores de f\u00fatbol.","breadcrumb":{"@id":"https:\/\/thesoccerdrills.com\/es\/suscripcion\/plan-anual\/#breadcrumb"},"inLanguage":"es","potentialAction":[{"@type":"ReadAction","target":["https:\/\/thesoccerdrills.com\/es\/suscripcion\/plan-anual\/"]}]},{"@type":"BreadcrumbList","@id":"https:\/\/thesoccerdrills.com\/es\/suscripcion\/plan-anual\/#breadcrumb","itemListElement":[{"@type":"ListItem","position":1,"name":"Home","item":"https:\/\/thesoccerdrills.com\/es\/"},{"@type":"ListItem","position":2,"name":"Planes de Suscripci\u00f3n","item":"https:\/\/thesoccerdrills.com\/es\/planes-de-suscripcion\/"},{"@type":"ListItem","position":3,"name":"Plan Anual"}]},{"@type":"WebSite","@id":"https:\/\/thesoccerdrills.com\/es\/#website","url":"https:\/\/thesoccerdrills.com\/es\/","name":"The Soccer Drills","description":"Making Players Smart","publisher":{"@id":"https:\/\/thesoccerdrills.com\/es\/#organization"},"potentialAction":[{"@type":"SearchAction","target":{"@type":"EntryPoint","urlTemplate":"https:\/\/thesoccerdrills.com\/es\/?s={search_term_string}"},"query-input":"required name=search_term_string"}],"inLanguage":"es"},{"@type":"Organization","@id":"https:\/\/thesoccerdrills.com\/es\/#organization","name":"The Soccer Drills","url":"https:\/\/thesoccerdrills.com\/es\/","logo":{"@type":"ImageObject","inLanguage":"es","@id":"https:\/\/thesoccerdrills.com\/es\/#\/schema\/logo\/image\/","url":"https:\/\/thesoccerdrills.com\/wp-content\/uploads\/logotipo-V.jpg","contentUrl":"https:\/\/thesoccerdrills.com\/wp-content\/uploads\/logotipo-V.jpg","width":512,"height":512,"caption":"The Soccer Drills"},"image":{"@id":"https:\/\/thesoccerdrills.com\/es\/#\/schema\/logo\/image\/"}}]}},"_links":{"self":[{"href":"https:\/\/thesoccerdrills.com\/es\/wp-json\/wp\/v2\/product\/2189"}],"collection":[{"href":"https:\/\/thesoccerdrills.com\/es\/wp-json\/wp\/v2\/product"}],"about":[{"href":"https:\/\/thesoccerdrills.com\/es\/wp-json\/wp\/v2\/types\/product"}],"replies":[{"embeddable":true,"href":"https:\/\/thesoccerdrills.com\/es\/wp-json\/wp\/v2\/comments?post=2189"}],"wp:featuredmedia":[{"embeddable":true,"href":"https:\/\/thesoccerdrills.com\/es\/wp-json\/wp\/v2\/media\/1957"}],"wp:attachment":[{"href":"https:\/\/thesoccerdrills.com\/es\/wp-json\/wp\/v2\/media?parent=2189"}],"wp:term":[{"taxonomy":"product_cat","embeddable":true,"href":"https:\/\/thesoccerdrills.com\/es\/wp-json\/wp\/v2\/product_cat?post=2189"},{"taxonomy":"product_tag","embeddable":true,"href":"https:\/\/thesoccerdrills.com\/es\/wp-json\/wp\/v2\/product_tag?post=2189"}],"curies":[{"name":"wp","href":"https:\/\/api.w.org\/{rel}","templated":true}]}}