{"id":5809,"date":"2020-06-02T10:46:47","date_gmt":"2020-06-02T10:46:47","guid":{"rendered":"https:\/\/thesoccerdrills.com\/?page_id=5809"},"modified":"2020-06-09T06:26:48","modified_gmt":"2020-06-09T06:26:48","slug":"preguntas-frecuentes","status":"publish","type":"page","link":"https:\/\/thesoccerdrills.com\/es\/preguntas-frecuentes\/","title":{"rendered":"Preguntas Frecuentes"},"content":{"rendered":"<p>[et_pb_section fb_built=\u00bb1&#8243; admin_label=\u00bbSERVICES\u00bb _builder_version=\u00bb4.4.7&#8243; global_module=\u00bb5825&#8243; saved_tabs=\u00bball\u00bb locked=\u00bboff\u00bb collapsed=\u00bbon\u00bb][et_pb_row _builder_version=\u00bb4.4.7&#8243; collapsed=\u00bboff\u00bb][et_pb_column type=\u00bb4_4&#8243; admin_label=\u00bbColumn\u00bb _builder_version=\u00bb4.0.6&#8243;][et_pb_cta title=\u00bb@ET-DC@eyJkeW5hbWljIjp0cnVlLCJjb250ZW50IjoicG9zdF90aXRsZSIsInNldHRpbmdzIjp7ImJlZm9yZSI6IiIsImFmdGVyIjoiIn19@\u00bb _builder_version=\u00bb4.4.7&#8243; _dynamic_attributes=\u00bbtitle\u00bb header_level=\u00bbh1&#8243; header_font=\u00bb|800||on|||||\u00bb header_font_size=\u00bb48px\u00bb background_enable_color=\u00bboff\u00bb use_background_color=\u00bboff\u00bb background_layout=\u00bblight\u00bb custom_margin=\u00bb||0px||false|false\u00bb][\/et_pb_cta][\/et_pb_column][\/et_pb_row][et_pb_row _builder_version=\u00bb4.4.7&#8243; custom_margin=\u00bb||50px||false|false\u00bb collapsed=\u00bboff\u00bb][et_pb_column type=\u00bb4_4&#8243; admin_label=\u00bbColumn\u00bb _builder_version=\u00bb4.0.6&#8243;][et_pb_text _builder_version=\u00bb4.4.7&#8243;]<\/p>\n<h4>SOBRE TSD<\/h4>\n<p>[\/et_pb_text][et_pb_accordion open_toggle_background_color=\u00bb#ffffff\u00bb closed_toggle_background_color=\u00bb#ffffff\u00bb use_icon_font_size=\u00bbon\u00bb _builder_version=\u00bb4.4.8&#8243; background_enable_color=\u00bboff\u00bb text_orientation=\u00bbleft\u00bb custom_margin=\u00bb||||false|false\u00bb custom_padding=\u00bb||||false|false\u00bb hover_enabled=\u00bb0&#8243; border_radii=\u00bbon|7px|7px|7px|7px\u00bb box_shadow_style=\u00bbpreset3&#8243; box_shadow_vertical=\u00bb7px\u00bb box_shadow_blur=\u00bb10px\u00bb border_color_all=\u00bbrgba(51,51,51,0.13)\u00bb][et_pb_accordion_item title=\u00bb\u00bfQue es The Soccer Drills (o TSD)?\u00bb open=\u00bbon\u00bb _builder_version=\u00bb4.4.7&#8243;]<\/p>\n<p>TSD es una web de contenidos v\u00e1lidos para todos los niveles de entrenadores que entrenen con ni\u00f1os o con profesionales. <\/p>\n<p>[\/et_pb_accordion_item][et_pb_accordion_item title=\u00bb\u00bfPorqu\u00e9 TSD es diferente? \u00bb _builder_version=\u00bb4.4.7&#8243; open=\u00bboff\u00bb]<\/p>\n<p>La primera y \u00fanica web en la que podr\u00e1s filtrar por contenidos t\u00e1cticos, adem\u00e1s los ejercicios que encontraras en TSD est\u00e1n enfocados principalmente al aprendizaje y mejora t\u00e1ctica de los jugadores. El nivel t\u00e1ctico del jugador es clave.<\/p>\n<p>[\/et_pb_accordion_item][et_pb_accordion_item title=\u00bb\u00bfPorqu\u00e9 los ejercicios no se pueden filtrar por edad?\u00bb _builder_version=\u00bb4.4.7&#8243; open=\u00bboff\u00bb]<\/p>\n<p>Todos nuestros ejercicios son validos para todas las edades, est\u00e1n fundamentados en la \u201ctoma de decisiones\u201d. <\/p>\n<p>[\/et_pb_accordion_item][et_pb_accordion_item title=\u00bb\u00bfPuedo filtrar los ejercicios por numero de jugadores?\u00bb _builder_version=\u00bb4.4.7&#8243; open=\u00bboff\u00bb]<\/p>\n<p>En los ejercicios de TSD encontrar\u00e1s adaptaciones seg\u00fan el n\u00famero de jugadores de tal manera que podr\u00e1s adaptarlos siempre a tu n\u00famero de jugadores sin que se pierdan los objetivos t\u00e1cticos de los ejercicios.<\/p>\n<p>[\/et_pb_accordion_item][et_pb_accordion_item title=\u00bb\u00bfQue experiencia necesito tener para poder utilizar TSD?\u00bb _builder_version=\u00bb4.4.7&#8243; open=\u00bboff\u00bb]<\/p>\n<p>Los ejercicios de TSD son \u00fatiles para entrenadores con o sin experiencia.<br \/>\nSi eres un entrenador que est\u00e1 empezando y te cuesta dise\u00f1ar ejercicios para la mejora t\u00e1ctica aqu\u00ed encontrar\u00e1s una herramienta clave y, si eres un entrenador experto, podr\u00e1s encontrar ejercicios que utilizan habitualmente entrenadores top.<\/p>\n<p>[\/et_pb_accordion_item][et_pb_accordion_item title=\u00bb\u00bfQuien desarrolla el contenido de TSD?\u00bb _builder_version=\u00bb4.4.7&#8243; open=\u00bboff\u00bb]<\/p>\n<p>Los ejercicios est\u00e1n desarrollado y seleccionados por entrenadores espa\u00f1oles Uefa Pro expertos en Metodolog\u00eda con experiencia en las mejores academias de rendimiento (Real Federaci\u00f3n Espa\u00f1ola de F\u00fatbol, Atl\u00e9tico de Madrid, Real Madrid,\u2026) y en las diferentes competiciones profesionales espa\u00f1olas.<\/p>\n<p>[\/et_pb_accordion_item][et_pb_accordion_item title=\u00bb\u00bfCuanto tiempo lleva leer y comprender los ejercicios?\u00bb _builder_version=\u00bb4.4.7&#8243; open=\u00bboff\u00bb]<\/p>\n<p>Los contenidos est\u00e1n explicados de forma sencilla y clara siempre acompa\u00f1adas por im\u00e1genes y videos cortos de tal manera que en un par de minutos tengas muy claros los ejercicios, igualmente los art\u00edculos y conceptos son de peque\u00f1a extensi\u00f3n pero siempre intentamos que est\u00e9n expuestos de manera clara. <\/p>\n<p>[\/et_pb_accordion_item][et_pb_accordion_item title=\u00bb\u00bfQue pasa si no entiendo alguno de vuestros ejercicios o contenido?\u00bb _builder_version=\u00bb4.4.7&#8243; open=\u00bboff\u00bb]<\/p>\n<p>Los usuarios premium tendr\u00e1n la posibilidad de comentar las posibles dudas que encuentren y uno de nuestros entrenadores Uefa Pro contestar\u00e1 cuanto antes.<\/p>\n<p>[\/et_pb_accordion_item][et_pb_accordion_item title=\u00bb\u00bfQu\u00e9 pasa si no entiendo alguna de la terminolog\u00eda utilizada? \u00bb _builder_version=\u00bb4.4.7&#8243; open=\u00bboff\u00bb]<\/p>\n<p>Todos nuestros filtros t\u00e1cticos los tienes brevemente definidos en el Glosario (link al Glosario). Adem\u00e1s encontrar\u00e1s ya desarrollados algunos en nuestro apartado de conceptos e iremos a\u00f1adiendo los que faltan.<\/p>\n<p>[\/et_pb_accordion_item][et_pb_accordion_item title=\u00bb\u00bfPuedo consultar sobre uno de mis ejercicios habituales?\u00bb _builder_version=\u00bb4.4.7&#8243; open=\u00bboff\u00bb]<\/p>\n<p>Si tienes un ejercicio que te gusta y utilizas frecuentemente y quieres que nuestro equipo de entrenadores Uefa Pro te diga que principios t\u00e1cticos se entrenan en ese ejercicio nos lo puedes enviar, estaremos encantados de darte nuestra opinion.<\/p>\n<p>[\/et_pb_accordion_item][\/et_pb_accordion][\/et_pb_column][\/et_pb_row][et_pb_row _builder_version=\u00bb4.4.7&#8243; collapsed=\u00bboff\u00bb][et_pb_column type=\u00bb4_4&#8243; admin_label=\u00bbColumn\u00bb _builder_version=\u00bb4.0.6&#8243;][et_pb_text _builder_version=\u00bb4.4.7&#8243;]<\/p>\n<h4>PAGOS Y SUSCRIPCI\u00d3N<\/h4>\n<p>[\/et_pb_text][et_pb_accordion open_toggle_background_color=\u00bb#ffffff\u00bb closed_toggle_background_color=\u00bb#ffffff\u00bb use_icon_font_size=\u00bbon\u00bb _builder_version=\u00bb4.4.8&#8243; background_enable_color=\u00bboff\u00bb text_orientation=\u00bbleft\u00bb custom_margin=\u00bb||||false|false\u00bb custom_padding=\u00bb||||false|false\u00bb hover_enabled=\u00bb0&#8243; border_radii=\u00bbon|7px|7px|7px|7px\u00bb box_shadow_style=\u00bbpreset3&#8243; box_shadow_vertical=\u00bb7px\u00bb box_shadow_blur=\u00bb10px\u00bb border_color_all=\u00bbrgba(51,51,51,0.13)\u00bb][et_pb_accordion_item title=\u00bb\u00bfDonde puedo gestionar mi subscripci\u00f3n? \u00bb open=\u00bbon\u00bb _builder_version=\u00bb4.4.7&#8243;]<\/p>\n<p>Podr\u00e1s gestionar tu subscripci\u00f3n, el m\u00e9todo de pago y otras opciones en su <a href=\"https:\/\/thesoccerdrills.com\/es\/mi-cuenta\/\">correspondiente secci\u00f3n<\/a>.<\/p>\n<p>[\/et_pb_accordion_item][et_pb_accordion_item title=\u00bb\u00bfQue m\u00e9todos de pago son aceptados?\u00bb _builder_version=\u00bb4.4.7&#8243; open=\u00bboff\u00bb]<\/p>\n<p>Se acepta Paypal, Stripe y la mayor\u00eda de las tarjetas de debito y cr\u00e9dito, incluido Visa, Mastercard y AMX<\/p>\n<p>[\/et_pb_accordion_item][et_pb_accordion_item title=\u00bb\u00bfQue pasa si mi tarjeta caduca mientras mi suscripci\u00f3n est\u00e1 active?\u00bb _builder_version=\u00bb4.4.7&#8243; open=\u00bboff\u00bb]<\/p>\n<p>Si tu tarjeta caduca recibir\u00e1s un email de nuestro equipo con un link e instrucciones para actualizar de forma sencilla la informaci\u00f3n de tu tarjeta de cr\u00e9dito as\u00ed tu suscripci\u00f3n podr\u00e1 ser autom\u00e1ticamente renovada.<\/p>\n<p>[\/et_pb_accordion_item][et_pb_accordion_item title=\u00bb\u00bfPuedo unirme\/darme de baja en cualquier momento?\u00bb _builder_version=\u00bb4.4.7&#8243; open=\u00bboff\u00bb]<\/p>\n<p>Queremos hacer tu experiencia con nosotros f\u00e1cil de manejar y disfrutar. Es por eso que podr\u00e1 unirse o cancelar su suscripci\u00f3n en unos sencillos pasos en cualquier momento.<\/p>\n<p>[\/et_pb_accordion_item][et_pb_accordion_item title=\u00bb\u00bfHac\u00e9is reembolsos?\u00bb _builder_version=\u00bb4.4.7&#8243; open=\u00bboff\u00bb]<\/p>\n<p>Debido a que nuestras suscripciones pueden ser manejadas de manera super sencilla en cualquier momento, no ofrecemos reembolsos.<\/p>\n<p>[\/et_pb_accordion_item][\/et_pb_accordion][\/et_pb_column][\/et_pb_row][\/et_pb_section][et_pb_section fb_built=\u00bb1&#8243; custom_padding_last_edited=\u00bbon|phone\u00bb admin_label=\u00bbSUBSCRIBE EMAIL\u00bb _builder_version=\u00bb4.4.7&#8243; background_enable_color=\u00bboff\u00bb use_background_color_gradient=\u00bbon\u00bb background_color_gradient_start=\u00bb#000000&#8243; background_color_gradient_end=\u00bb#2dbb51&#8243; background_color_gradient_direction=\u00bb360deg\u00bb background_image=\u00bbhttps:\/\/thesoccerdrills.com\/wp-content\/uploads\/bg-subscribe.png\u00bb background_position=\u00bbtop_center\u00bb custom_margin=\u00bb||\u00bb custom_padding=\u00bb16vw||5vw||false|\u00bb custom_padding_tablet=\u00bb36vw||\u00bb custom_padding_phone=\u00bb46vw||4vw||false|\u00bb global_module=\u00bb1670&#8243; saved_tabs=\u00bball\u00bb locked=\u00bboff\u00bb collapsed=\u00bboff\u00bb][et_pb_row column_structure=\u00bb1_2,1_2&#8243; _builder_version=\u00bb3.25&#8243;][et_pb_column type=\u00bb1_2&#8243; _builder_version=\u00bb3.25&#8243; custom_padding=\u00bb|||\u00bb custom_padding__hover=\u00bb|||\u00bb][et_pb_cta title=\u00bbSuscr\u00edbete\u00bb _builder_version=\u00bb4.4.7&#8243; header_font=\u00bb|800||on|||||\u00bb header_font_size=\u00bb48px\u00bb body_font_size=\u00bb19px\u00bb body_line_height=\u00bb1.6em\u00bb background_enable_color=\u00bboff\u00bb use_background_color=\u00bboff\u00bb text_orientation=\u00bbleft\u00bb custom_margin=\u00bb||0px||false|false\u00bb locked=\u00bboff\u00bb]Suscr\u00edbete y recibir\u00e1s nuestras actualizaciones de contenidos (gratuitas y de suscripci\u00f3n).[\/et_pb_cta][et_pb_signup mailchimp_list=\u00bbThe Soccer Drills|9e0af33c79&#8243; first_name_field=\u00bboff\u00bb last_name_field=\u00bboff\u00bb use_custom_fields=\u00bbon\u00bb module_class=\u00bbpa-hide-optin-group\u00bb _builder_version=\u00bb4.4.3&#8243; form_field_font=\u00bb||||||||\u00bb use_background_color=\u00bboff\u00bb border_radii_fields=\u00bbon|5px|5px|5px|5px\u00bb button_bg_color__hover_enabled=\u00bbon|desktop\u00bb button_bg_color__hover=\u00bb#12892B\u00bb button_bg_enable_color__hover=\u00bbon\u00bb][\/et_pb_signup][et_pb_social_media_follow _builder_version=\u00bb4.0.9&#8243; text_orientation=\u00bbcenter\u00bb][et_pb_social_media_follow_network social_network=\u00bbfacebook\u00bb _builder_version=\u00bb3.22.7&#8243; background_color=\u00bbrgba(0,0,0,0)\u00bb custom_padding=\u00bb10px|10px|10px|10px\u00bb border_radii=\u00bbon|0px|0px|0px|0px\u00bb follow_button=\u00bboff\u00bb url_new_window=\u00bbon\u00bb]facebook[\/et_pb_social_media_follow_network][et_pb_social_media_follow_network social_network=\u00bbtwitter\u00bb _builder_version=\u00bb3.22.7&#8243; background_color=\u00bbrgba(0,0,0,0)\u00bb custom_padding=\u00bb10px|10px|10px|10px\u00bb border_radii=\u00bbon|0px|0px|0px|0px\u00bb follow_button=\u00bboff\u00bb url_new_window=\u00bbon\u00bb]twitter[\/et_pb_social_media_follow_network][et_pb_social_media_follow_network social_network=\u00bbyoutube\u00bb _builder_version=\u00bb3.22.7&#8243; background_color=\u00bbrgba(0,0,0,0)\u00bb custom_padding=\u00bb10px|10px|10px|10px\u00bb border_radii=\u00bbon|0px|0px|0px|0px\u00bb follow_button=\u00bboff\u00bb url_new_window=\u00bbon\u00bb]youtube[\/et_pb_social_media_follow_network][\/et_pb_social_media_follow][\/et_pb_column][et_pb_column type=\u00bb1_2&#8243; _builder_version=\u00bb3.25&#8243; custom_padding=\u00bb|||\u00bb custom_padding__hover=\u00bb|||\u00bb][\/et_pb_column][\/et_pb_row][\/et_pb_section]<\/p>\n","protected":false},"excerpt":{"rendered":"<p>SOBRE TSDTSD es una web de contenidos v\u00e1lidos para todos los niveles de entrenadores que entrenen con ni\u00f1os o con profesionales. La primera y \u00fanica web en la que podr\u00e1s filtrar por contenidos t\u00e1cticos, adem\u00e1s los ejercicios que encontraras en TSD est\u00e1n enfocados principalmente al aprendizaje y mejora t\u00e1ctica de los jugadores. El nivel t\u00e1ctico [&hellip;]<\/p>\n","protected":false},"author":4,"featured_media":0,"parent":0,"menu_order":4,"comment_status":"closed","ping_status":"closed","template":"","meta":{"_et_pb_use_builder":"on","_et_pb_old_content":"","_et_gb_content_width":"","footnotes":""},"acf":[],"yoast_head":"<!-- This site is optimized with the Yoast SEO Premium plugin v21.1 (Yoast SEO v21.1) - https:\/\/yoast.com\/wordpress\/plugins\/seo\/ -->\n<title>Preguntas Frecuentes | The Soccer Drills<\/title>\n<meta name=\"robots\" content=\"index, follow, max-snippet:-1, max-image-preview:large, max-video-preview:-1\" \/>\n<link rel=\"canonical\" href=\"https:\/\/thesoccerdrills.com\/es\/preguntas-frecuentes\/\" \/>\n<meta property=\"og:locale\" content=\"es_ES\" \/>\n<meta property=\"og:type\" content=\"article\" \/>\n<meta property=\"og:title\" content=\"Preguntas Frecuentes\" \/>\n<meta property=\"og:url\" content=\"https:\/\/thesoccerdrills.com\/es\/preguntas-frecuentes\/\" \/>\n<meta property=\"og:site_name\" content=\"The Soccer Drills\" \/>\n<meta property=\"article:modified_time\" content=\"2020-06-09T06:26:48+00:00\" \/>\n<meta name=\"twitter:card\" content=\"summary_large_image\" \/>\n<meta name=\"twitter:label1\" content=\"Tiempo de lectura\" \/>\n\t<meta name=\"twitter:data1\" content=\"7 minutos\" \/>\n<script type=\"application\/ld+json\" class=\"yoast-schema-graph\">{\"@context\":\"https:\/\/schema.org\",\"@graph\":[{\"@type\":\"WebPage\",\"@id\":\"https:\/\/thesoccerdrills.com\/es\/preguntas-frecuentes\/\",\"url\":\"https:\/\/thesoccerdrills.com\/es\/preguntas-frecuentes\/\",\"name\":\"Preguntas Frecuentes | The Soccer Drills\",\"isPartOf\":{\"@id\":\"https:\/\/thesoccerdrills.com\/es\/#website\"},\"datePublished\":\"2020-06-02T10:46:47+00:00\",\"dateModified\":\"2020-06-09T06:26:48+00:00\",\"breadcrumb\":{\"@id\":\"https:\/\/thesoccerdrills.com\/es\/preguntas-frecuentes\/#breadcrumb\"},\"inLanguage\":\"es\",\"potentialAction\":[{\"@type\":\"ReadAction\",\"target\":[\"https:\/\/thesoccerdrills.com\/es\/preguntas-frecuentes\/\"]}]},{\"@type\":\"BreadcrumbList\",\"@id\":\"https:\/\/thesoccerdrills.com\/es\/preguntas-frecuentes\/#breadcrumb\",\"itemListElement\":[{\"@type\":\"ListItem\",\"position\":1,\"name\":\"Home\",\"item\":\"https:\/\/thesoccerdrills.com\/es\/\"},{\"@type\":\"ListItem\",\"position\":2,\"name\":\"Preguntas Frecuentes\"}]},{\"@type\":\"WebSite\",\"@id\":\"https:\/\/thesoccerdrills.com\/es\/#website\",\"url\":\"https:\/\/thesoccerdrills.com\/es\/\",\"name\":\"The Soccer Drills\",\"description\":\"Making Players Smart\",\"publisher\":{\"@id\":\"https:\/\/thesoccerdrills.com\/es\/#organization\"},\"potentialAction\":[{\"@type\":\"SearchAction\",\"target\":{\"@type\":\"EntryPoint\",\"urlTemplate\":\"https:\/\/thesoccerdrills.com\/es\/?s={search_term_string}\"},\"query-input\":\"required name=search_term_string\"}],\"inLanguage\":\"es\"},{\"@type\":\"Organization\",\"@id\":\"https:\/\/thesoccerdrills.com\/es\/#organization\",\"name\":\"The Soccer Drills\",\"url\":\"https:\/\/thesoccerdrills.com\/es\/\",\"logo\":{\"@type\":\"ImageObject\",\"inLanguage\":\"es\",\"@id\":\"https:\/\/thesoccerdrills.com\/es\/#\/schema\/logo\/image\/\",\"url\":\"https:\/\/thesoccerdrills.com\/wp-content\/uploads\/logotipo-V.jpg\",\"contentUrl\":\"https:\/\/thesoccerdrills.com\/wp-content\/uploads\/logotipo-V.jpg\",\"width\":512,\"height\":512,\"caption\":\"The Soccer Drills\"},\"image\":{\"@id\":\"https:\/\/thesoccerdrills.com\/es\/#\/schema\/logo\/image\/\"}}]}<\/script>\n<!-- \/ Yoast SEO Premium plugin. -->","yoast_head_json":{"title":"Preguntas Frecuentes | The Soccer Drills","robots":{"index":"index","follow":"follow","max-snippet":"max-snippet:-1","max-image-preview":"max-image-preview:large","max-video-preview":"max-video-preview:-1"},"canonical":"https:\/\/thesoccerdrills.com\/es\/preguntas-frecuentes\/","og_locale":"es_ES","og_type":"article","og_title":"Preguntas Frecuentes","og_url":"https:\/\/thesoccerdrills.com\/es\/preguntas-frecuentes\/","og_site_name":"The Soccer Drills","article_modified_time":"2020-06-09T06:26:48+00:00","twitter_card":"summary_large_image","twitter_misc":{"Tiempo de lectura":"7 minutos"},"schema":{"@context":"https:\/\/schema.org","@graph":[{"@type":"WebPage","@id":"https:\/\/thesoccerdrills.com\/es\/preguntas-frecuentes\/","url":"https:\/\/thesoccerdrills.com\/es\/preguntas-frecuentes\/","name":"Preguntas Frecuentes | The Soccer Drills","isPartOf":{"@id":"https:\/\/thesoccerdrills.com\/es\/#website"},"datePublished":"2020-06-02T10:46:47+00:00","dateModified":"2020-06-09T06:26:48+00:00","breadcrumb":{"@id":"https:\/\/thesoccerdrills.com\/es\/preguntas-frecuentes\/#breadcrumb"},"inLanguage":"es","potentialAction":[{"@type":"ReadAction","target":["https:\/\/thesoccerdrills.com\/es\/preguntas-frecuentes\/"]}]},{"@type":"BreadcrumbList","@id":"https:\/\/thesoccerdrills.com\/es\/preguntas-frecuentes\/#breadcrumb","itemListElement":[{"@type":"ListItem","position":1,"name":"Home","item":"https:\/\/thesoccerdrills.com\/es\/"},{"@type":"ListItem","position":2,"name":"Preguntas Frecuentes"}]},{"@type":"WebSite","@id":"https:\/\/thesoccerdrills.com\/es\/#website","url":"https:\/\/thesoccerdrills.com\/es\/","name":"The Soccer Drills","description":"Making Players Smart","publisher":{"@id":"https:\/\/thesoccerdrills.com\/es\/#organization"},"potentialAction":[{"@type":"SearchAction","target":{"@type":"EntryPoint","urlTemplate":"https:\/\/thesoccerdrills.com\/es\/?s={search_term_string}"},"query-input":"required name=search_term_string"}],"inLanguage":"es"},{"@type":"Organization","@id":"https:\/\/thesoccerdrills.com\/es\/#organization","name":"The Soccer Drills","url":"https:\/\/thesoccerdrills.com\/es\/","logo":{"@type":"ImageObject","inLanguage":"es","@id":"https:\/\/thesoccerdrills.com\/es\/#\/schema\/logo\/image\/","url":"https:\/\/thesoccerdrills.com\/wp-content\/uploads\/logotipo-V.jpg","contentUrl":"https:\/\/thesoccerdrills.com\/wp-content\/uploads\/logotipo-V.jpg","width":512,"height":512,"caption":"The Soccer Drills"},"image":{"@id":"https:\/\/thesoccerdrills.com\/es\/#\/schema\/logo\/image\/"}}]}},"_links":{"self":[{"href":"https:\/\/thesoccerdrills.com\/es\/wp-json\/wp\/v2\/pages\/5809"}],"collection":[{"href":"https:\/\/thesoccerdrills.com\/es\/wp-json\/wp\/v2\/pages"}],"about":[{"href":"https:\/\/thesoccerdrills.com\/es\/wp-json\/wp\/v2\/types\/page"}],"author":[{"embeddable":true,"href":"https:\/\/thesoccerdrills.com\/es\/wp-json\/wp\/v2\/users\/4"}],"replies":[{"embeddable":true,"href":"https:\/\/thesoccerdrills.com\/es\/wp-json\/wp\/v2\/comments?post=5809"}],"version-history":[{"count":0,"href":"https:\/\/thesoccerdrills.com\/es\/wp-json\/wp\/v2\/pages\/5809\/revisions"}],"wp:attachment":[{"href":"https:\/\/thesoccerdrills.com\/es\/wp-json\/wp\/v2\/media?parent=5809"}],"curies":[{"name":"wp","href":"https:\/\/api.w.org\/{rel}","templated":true}]}}