{"id":2011,"date":"2020-04-11T18:00:38","date_gmt":"2020-04-11T18:00:38","guid":{"rendered":"https:\/\/thesoccerdrills.com\/legal-warning\/"},"modified":"2020-08-25T12:30:10","modified_gmt":"2020-08-25T12:30:10","slug":"aviso-legal","status":"publish","type":"page","link":"https:\/\/thesoccerdrills.com\/es\/aviso-legal\/","title":{"rendered":"Aviso Legal"},"content":{"rendered":"\n[et_pb_section fb_built=\u00bb1&#8243; _builder_version=\u00bb4.5.6&#8243; _module_preset=\u00bbdefault\u00bb][et_pb_row _builder_version=\u00bb4.5.6&#8243; _module_preset=\u00bbdefault\u00bb][et_pb_column _builder_version=\u00bb4.5.6&#8243; _module_preset=\u00bbdefault\u00bb type=\u00bb4_4&#8243;][et_pb_text _builder_version=\u00bb4.5.6&#8243; _module_preset=\u00bbdefault\u00bb hover_enabled=\u00bb0&#8243;]<h1>Aviso Legal<\/h1>\n\n<ol>\n\t<li><h4>DATOS IDENTIFICATIVOS:<\/h4>\n<p>En cumplimiento con el deber de informaci\u00f3n recogido en el art\u00edculo 10 de la Ley 34\/2002, de 11 de julio, de Servicios de la Sociedad de la Informaci\u00f3n y del Comercio Electr\u00f3nico (LSSICE), a continuaci\u00f3n se reflejan los siguientes datos al servicio de los usuarios de este portal o sitio web.<\/p>\n\n<p>El titular del dominio web como Aut\u00f3nomo Profesional es Mario Rivera Campesino (en adelante ALIAS), con domicilio a estos efectos en Calle Antonio Lopez 199, 28026 Madrid, n\u00famero de N.I.F.\/N.I.E.\/C.I.F.: 07252324X con alta y\u00a0Seguridad Social (R\u00e9gimen especial de trabajadores aut\u00f3nomos \u2013 RETA) en la \u00a0Delegaci\u00f3n de Econom\u00eda y Hacienda de Madrid. Correo electr\u00f3nico de contacto del sitio web: info@thesoccerdrills.com.<\/p>\n\n<p>ALIAS, como Responsable del tratamiento de los datos personales del Usuario, le informa que estos datos ser\u00e1n tratados de conformidad con lo dispuesto en el Reglamento (UE) 2016\/679 de 27 de abril de 2016 (GDPR) \u00a0relativo a la protecci\u00f3n de las personas f\u00edsicas en lo que respecta al tratamiento de datos personales y la vigente Ley Org\u00e1nica 15\/1999 de 13 de diciembre (L.O.P.D.) relativa a la protecci\u00f3n de datos de car\u00e1cter personal.<\/p><\/li>\n<br\/>\n\n\t<li><h4>USUARIOS:<\/h4>\n<p>El acceso y\/o uso de este portal de ALIAS atribuye la condici\u00f3n de USUARIO, que acepta, desde dicho acceso y\/o uso, las Condiciones Generales de Uso aqu\u00ed reflejadas. Las citadas Condiciones ser\u00e1n de aplicaci\u00f3n independientemente de las Condiciones Generales de Contrataci\u00f3n que en su caso resulten de obligado cumplimiento.<\/p><\/li>\n<br\/>\n\n\t<li><h4>USO DEL PORTAL:<\/h4>\n<p>https:\/\/thesoccerdrills.com proporciona el acceso a multitud de informaciones, servicios, programas o datos (en adelante, \u201clos contenidos\u201d) en Internet pertenecientes a ALIAS o a sus licenciantes a los que el USUARIO pueda tener acceso.<\/p>\n\n<p>El USUARIO asume la responsabilidad del uso del portal. Dicha responsabilidad se extiende al registro que fuese necesario para acceder a determinados servicios o contenidos. En dicho registro el USUARIO ser\u00e1 responsable de aportar informaci\u00f3n veraz y l\u00edcita. Como consecuencia de este registro, al USUARIO se le puede proporcionar una contrase\u00f1a de la que ser\u00e1 responsable, comprometi\u00e9ndose a hacer un uso diligente y confidencial de la misma.<\/p>\n\n<p>El USUARIO se compromete a hacer un uso adecuado de los contenidos y servicios (como por ejemplo servicios de chat, foros de discusi\u00f3n o grupos de noticias) que ALIAS ofrece a trav\u00e9s de su portal y con car\u00e1cter enunciativo pero no limitativo, a no emplearlos para (i) incurrir en actividades il\u00edcitas, ilegales o contrarias a la buena fe y al orden p\u00fablico; (ii) difundir contenidos o propaganda de car\u00e1cter racista, xen\u00f3fobo, pornogr\u00e1fico-ilegal, de apolog\u00eda del terrorismo o atentatorio contra los derechos humanos; (iii) provocar da\u00f1os en los sistemas f\u00edsicos y l\u00f3gicos de ALIAS, de sus proveedores o de terceras personas, introducir o difundir en la red virus inform\u00e1ticos o cualesquiera otros sistemas f\u00edsicos o l\u00f3gicos que sean susceptibles de provocar los da\u00f1os anteriormente mencionados; (iv) intentar acceder y, en su caso, utilizar las cuentas de correo electr\u00f3nico de otros usuarios y modificar o manipular sus mensajes. ALIAS se reserva el derecho de retirar todos aquellos comentarios y aportaciones que vulneren el respeto a la dignidad de la persona, que sean discriminatorios, xen\u00f3fobos, racistas, pornogr\u00e1ficos, que atenten contra la juventud o la infancia, el orden o la seguridad p\u00fablica o que, a su juicio, no resultaran adecuados para su publicaci\u00f3n. En cualquier caso, ALIAS no ser\u00e1 responsable de las opiniones vertidas por los usuarios a trav\u00e9s de los foros, chats, u otras herramientas de participaci\u00f3n.<\/p><\/li>\n<br\/>\n\n\t<li><h4>PROPIEDAD INTELECTUAL E INDUSTRIAL:<\/h4>\n<p>ALIAS por s\u00ed o como cesionaria, es titular de todos los derechos de propiedad intelectual e industrial de su p\u00e1gina web, as\u00ed como de los elementos contenidos en la misma (a t\u00edtulo enunciativo, im\u00e1genes, dise\u00f1os gr\u00e1ficos, sonido, audio, v\u00eddeo, software, c\u00f3digo fuente o textos; marcas o logotipos, combinaciones de colores, estructura y dise\u00f1o, selecci\u00f3n de materiales usados, programas de ordenador necesarios para su funcionamiento, acceso y uso, etc.), titularidad de ALIAS o bien de sus licenciantes y est\u00e1n protegidos por la legislaci\u00f3n espa\u00f1ola sobre los derechos de propiedad intelectual e industrial a favor de ALIAS.<\/p>\n\n<p>Todos los derechos reservados. En virtud de lo dispuesto en los art\u00edculos 8 y 32.1, p\u00e1rrafo segundo, de la Ley de Propiedad Intelectual e independientemente de la finalidad para la que fueran destinados, quedan expresamente prohibidas la reproducci\u00f3n, la distribuci\u00f3n y\/o la comunicaci\u00f3n p\u00fablica, incluida su modalidad de puesta a disposici\u00f3n, de la totalidad o parte de los contenidos de esta p\u00e1gina web, con fines comerciales, en cualquier soporte y por cualquier medio t\u00e9cnico, sin la autorizaci\u00f3n de ALIAS.<\/p>\n\n<p>El USUARIO se compromete a respetar los derechos de Propiedad Intelectual e Industrial titularidad de ALIAS o bien de sus licenciantes. Podr\u00e1 visualizar los elementos del portal e incluso imprimirlos, copiarlos y almacenarlos en el disco duro de su ordenador o en cualquier otro soporte f\u00edsico siempre y cuando sea, \u00fanica y exclusivamente, para su uso personal y privado. El USUARIO deber\u00e1 abstenerse de suprimir, alterar, eludir o manipular cualquier dispositivo de protecci\u00f3n o sistema de seguridad que estuviera instalado en el las p\u00e1ginas de ALIAS.<\/p><\/li>\n<br\/>\n\n\t<li><h4>EXCLUSI\u00d3N DE GARANT\u00cdAS Y RESPONSABILIDAD:<\/h4>\n<p>ALIAS se compromete a no realizar publicidad enga\u00f1osa y no se hace responsable, en ning\u00fan caso, de los da\u00f1os y perjuicios de cualquier naturaleza que pudieran ocasionar, a t\u00edtulo enunciativo: errores u omisiones en los contenidos, falta de disponibilidad del portal o la transmisi\u00f3n de virus o programas maliciosos o lesivos en los contenidos, a pesar de haber adoptado todas las medidas tecnol\u00f3gicas necesarias para evitarlo y se compromete a corregirlo tan pronto como tenga conocimiento de dichos errores.<\/p>\n\n<p>A estos efectos, por lo tanto, no ser\u00e1n considerados como publicidad enga\u00f1osa los errores formales o num\u00e9ricos que puedan encontrarse a lo largo del contenido de las distintas secciones de la web de ALIAS, producidos como consecuencia de un mantenimiento y\/o actualizaci\u00f3n incompleta o defectuosa de la informaci\u00f3n contenida es estas secciones. ALIAS, como consecuencia de lo dispuesto en este apartado, se compromete a corregirlo tan pronto como tenga conocimiento de dichos errores.<\/p>\n\n<p>ALIAS, no se hace responsable del uso ileg\u00edtimo que terceras personas puedan hacer de los nombres de marca, nombres de producto, marcas comerciales que, no siendo propiedad de dicha entidad, aparezcan en el presente sitio web. En definitiva, el USUARIO es el \u00fanico responsable del uso que realice de los servicios, contenidos, enlaces (links) e hipertextos incluidos en el presente sitio web.<\/p>\n\n<p>ALIAS no se hace responsable del incumplimiento de cualquier norma aplicable en que pueda incurrir el usuario en su acceso al sitio web el presente sitio web y\/o en el uso de las informaciones contenidas en el mismo.<\/p>\n\n<p>ALIAS, se pone a disposici\u00f3n de todos los usuarios, autoridades y fuerzas de seguridad, y colaborando de forma activa en la retirada o en su caso bloqueo de todos aquellos contenidos que pudieran afectar o contravenir la legislaci\u00f3n nacional, o internacional, derechos de terceros o la moral y el orden p\u00fablico.<\/p>\n\n<p>En caso de que el USUARIO considere que existe en el sitio web alg\u00fan contenido que pudiera ser susceptible de esta clasificaci\u00f3n, se ruega lo notifique de forma inmediata al administrador del sitio web a trav\u00e9s del correo electr\u00f3nico info@thesoccerdrills.com.<\/p><\/li>\n<br\/>\n\n\t<li><h4>MODIFICACIONES:<\/h4>\n<p>ALIAS se reserva el derecho de efectuar sin previo aviso las modificaciones que considere oportunas en su portal, pudiendo cambiar, suprimir o a\u00f1adir tanto los contenidos y servicios que se presten a trav\u00e9s de la misma como la forma en la que \u00e9stos aparezcan presentados o localizados en su portal.<\/p><\/li>\n<br\/>\n\n\t<li><h4>ENLACES:<\/h4>\n<p>En el caso de que en https:\/\/thesoccerdrills.com se dispusiesen enlaces o hiperv\u00ednculos hac\u00eda otros sitios de Internet, ALIAS no ejercer\u00e1 ning\u00fan tipo de control sobre dichos sitios y contenidos. En ning\u00fan caso ALIAS, asumir\u00e1 responsabilidad alguna por los contenidos de alg\u00fan enlace perteneciente a un sitio web ajeno, ni garantizar\u00e1 la disponibilidad t\u00e9cnica, calidad, fiabilidad, exactitud, amplitud, veracidad, validez y constitucionalidad de cualquier material o informaci\u00f3n contenida en ninguno de dichos hiperv\u00ednculos u otros sitios de Internet. Igualmente la inclusi\u00f3n de estas conexiones externas no implicar\u00e1 ning\u00fan tipo de asociaci\u00f3n, fusi\u00f3n o participaci\u00f3n con las entidades conectadas.<\/p><\/li>\n<br\/>\n\n\t<li><h4>DERECHO DE EXCLUSI\u00d3N:<\/h4>\n<p>ALIAS, se reserva el derecho a denegar o retirar el acceso a portal y\/o los servicios ofrecidos sin necesidad de preaviso, a instancia propia o de un tercero, a aquellos usuarios que incumplan las presentes Condiciones Generales de Uso.<\/p><\/li>\n<br\/>\n\n\t<li><h4>GENERALIDADES:<\/h4>\n<p>ALIAS, velar\u00e1 por el cumplimiento de las anteriores condiciones as\u00ed como por la debida utilizaci\u00f3n de los contenidos presentados en sus p\u00e1ginas web, ejercitando todas las acciones civiles y penales que le correspondan en el caso de infracci\u00f3n o incumplimiento de estos derechos por parte del USUARIO y podr\u00e1 modificar, sin previo aviso, la informaci\u00f3n contenida en su sitio web, as\u00ed como su configuraci\u00f3n y presentaci\u00f3n.<\/p>\n\n<p>ALIAS se compromete a NO REMITIR COMUNICACIONES COMERCIALES SIN IDENTIFICARLAS COMO TALES, conforme a lo dispuesto en la Ley 34\/2002 de Servicios de la Sociedad de la Informaci\u00f3n y de comercio electr\u00f3nico. A estos efectos no ser\u00e1 considerado como comunicaci\u00f3n comercial toda la informaci\u00f3n que se env\u00ede a los clientes de ALIAS siempre que tenga por finalidad el mantenimiento de la relaci\u00f3n contractual existente entre cliente y ALIAS, as\u00ed como el desempe\u00f1o de las tareas de informaci\u00f3n, formaci\u00f3n y otras actividades propias del servicio que el cliente tiene contratado con la empresa.<\/p><\/li>\n<br\/>\n\n\t<li><h4>MODIFICACI\u00d3N DE LAS PRESENTES CONDICIONES Y DURACI\u00d3N:<\/h4>\n<p>ALIAS podr\u00e1 modificar en cualquier momento la presente pol\u00edtica para adaptarla a novedades legislativas o jurisprudenciales as\u00ed como a pr\u00e1cticas de la industria, siendo debidamente publicadas como aqu\u00ed aparecen. La vigencia de las citadas condiciones ir\u00e1 en funci\u00f3n de su exposici\u00f3n y estar\u00e1n vigentes hasta que sean modificadas por otras debidamente publicadas.<\/p><\/li>\n<br\/>\n\n\t<li><h4>LEGISLACI\u00d3N APLICABLE Y JURISDICCI\u00d3N:<\/h4>\n<p>La relaci\u00f3n entre ALIAS y el usuario se regir\u00e1 por la normativa espa\u00f1ola vigente y cualquier controversia se someter\u00e1 a los Juzgados y tribunales de la ciudad de Madrid.<\/p><\/li>\n<\/ol>[\/et_pb_text][\/et_pb_column][\/et_pb_row][\/et_pb_section]\n","protected":false},"excerpt":{"rendered":"<p>Aviso Legal DATOS IDENTIFICATIVOS: En cumplimiento con el deber de informaci\u00f3n recogido en el art\u00edculo 10 de la Ley 34\/2002, de 11 de julio, de Servicios de la Sociedad de la Informaci\u00f3n y del Comercio Electr\u00f3nico (LSSICE), a continuaci\u00f3n se reflejan los siguientes datos al servicio de los usuarios de este portal o sitio web. [&hellip;]<\/p>\n","protected":false},"author":4,"featured_media":0,"parent":0,"menu_order":100,"comment_status":"closed","ping_status":"closed","template":"","meta":{"_et_pb_use_builder":"on","_et_pb_old_content":"","_et_gb_content_width":"","footnotes":""},"acf":[],"yoast_head":"<!-- This site is optimized with the Yoast SEO Premium plugin v21.1 (Yoast SEO v21.1) - https:\/\/yoast.com\/wordpress\/plugins\/seo\/ -->\n<title>Aviso Legal | The Soccer Drills<\/title>\n<meta name=\"robots\" content=\"noindex, nofollow\" \/>\n<meta property=\"og:locale\" content=\"es_ES\" \/>\n<meta property=\"og:type\" content=\"article\" \/>\n<meta property=\"og:title\" content=\"Aviso Legal\" \/>\n<meta property=\"og:url\" content=\"https:\/\/thesoccerdrills.com\/es\/aviso-legal\/\" \/>\n<meta property=\"og:site_name\" content=\"The Soccer Drills\" \/>\n<meta property=\"article:modified_time\" content=\"2020-08-25T12:30:10+00:00\" \/>\n<meta name=\"twitter:card\" content=\"summary_large_image\" \/>\n<meta name=\"twitter:label1\" content=\"Tiempo de lectura\" \/>\n\t<meta name=\"twitter:data1\" content=\"9 minutos\" \/>\n<script type=\"application\/ld+json\" class=\"yoast-schema-graph\">{\"@context\":\"https:\/\/schema.org\",\"@graph\":[{\"@type\":\"WebPage\",\"@id\":\"https:\/\/thesoccerdrills.com\/es\/aviso-legal\/\",\"url\":\"https:\/\/thesoccerdrills.com\/es\/aviso-legal\/\",\"name\":\"Aviso Legal | The Soccer Drills\",\"isPartOf\":{\"@id\":\"https:\/\/thesoccerdrills.com\/es\/#website\"},\"datePublished\":\"2020-04-11T18:00:38+00:00\",\"dateModified\":\"2020-08-25T12:30:10+00:00\",\"breadcrumb\":{\"@id\":\"https:\/\/thesoccerdrills.com\/es\/aviso-legal\/#breadcrumb\"},\"inLanguage\":\"es\",\"potentialAction\":[{\"@type\":\"ReadAction\",\"target\":[\"https:\/\/thesoccerdrills.com\/es\/aviso-legal\/\"]}]},{\"@type\":\"BreadcrumbList\",\"@id\":\"https:\/\/thesoccerdrills.com\/es\/aviso-legal\/#breadcrumb\",\"itemListElement\":[{\"@type\":\"ListItem\",\"position\":1,\"name\":\"Home\",\"item\":\"https:\/\/thesoccerdrills.com\/es\/\"},{\"@type\":\"ListItem\",\"position\":2,\"name\":\"Aviso Legal\"}]},{\"@type\":\"WebSite\",\"@id\":\"https:\/\/thesoccerdrills.com\/es\/#website\",\"url\":\"https:\/\/thesoccerdrills.com\/es\/\",\"name\":\"The Soccer Drills\",\"description\":\"Making Players Smart\",\"publisher\":{\"@id\":\"https:\/\/thesoccerdrills.com\/es\/#organization\"},\"potentialAction\":[{\"@type\":\"SearchAction\",\"target\":{\"@type\":\"EntryPoint\",\"urlTemplate\":\"https:\/\/thesoccerdrills.com\/es\/?s={search_term_string}\"},\"query-input\":\"required name=search_term_string\"}],\"inLanguage\":\"es\"},{\"@type\":\"Organization\",\"@id\":\"https:\/\/thesoccerdrills.com\/es\/#organization\",\"name\":\"The Soccer Drills\",\"url\":\"https:\/\/thesoccerdrills.com\/es\/\",\"logo\":{\"@type\":\"ImageObject\",\"inLanguage\":\"es\",\"@id\":\"https:\/\/thesoccerdrills.com\/es\/#\/schema\/logo\/image\/\",\"url\":\"https:\/\/thesoccerdrills.com\/wp-content\/uploads\/logotipo-V.jpg\",\"contentUrl\":\"https:\/\/thesoccerdrills.com\/wp-content\/uploads\/logotipo-V.jpg\",\"width\":512,\"height\":512,\"caption\":\"The Soccer Drills\"},\"image\":{\"@id\":\"https:\/\/thesoccerdrills.com\/es\/#\/schema\/logo\/image\/\"}}]}<\/script>\n<!-- \/ Yoast SEO Premium plugin. -->","yoast_head_json":{"title":"Aviso Legal | The Soccer Drills","robots":{"index":"noindex","follow":"nofollow"},"og_locale":"es_ES","og_type":"article","og_title":"Aviso Legal","og_url":"https:\/\/thesoccerdrills.com\/es\/aviso-legal\/","og_site_name":"The Soccer Drills","article_modified_time":"2020-08-25T12:30:10+00:00","twitter_card":"summary_large_image","twitter_misc":{"Tiempo de lectura":"9 minutos"},"schema":{"@context":"https:\/\/schema.org","@graph":[{"@type":"WebPage","@id":"https:\/\/thesoccerdrills.com\/es\/aviso-legal\/","url":"https:\/\/thesoccerdrills.com\/es\/aviso-legal\/","name":"Aviso Legal | The Soccer Drills","isPartOf":{"@id":"https:\/\/thesoccerdrills.com\/es\/#website"},"datePublished":"2020-04-11T18:00:38+00:00","dateModified":"2020-08-25T12:30:10+00:00","breadcrumb":{"@id":"https:\/\/thesoccerdrills.com\/es\/aviso-legal\/#breadcrumb"},"inLanguage":"es","potentialAction":[{"@type":"ReadAction","target":["https:\/\/thesoccerdrills.com\/es\/aviso-legal\/"]}]},{"@type":"BreadcrumbList","@id":"https:\/\/thesoccerdrills.com\/es\/aviso-legal\/#breadcrumb","itemListElement":[{"@type":"ListItem","position":1,"name":"Home","item":"https:\/\/thesoccerdrills.com\/es\/"},{"@type":"ListItem","position":2,"name":"Aviso Legal"}]},{"@type":"WebSite","@id":"https:\/\/thesoccerdrills.com\/es\/#website","url":"https:\/\/thesoccerdrills.com\/es\/","name":"The Soccer Drills","description":"Making Players Smart","publisher":{"@id":"https:\/\/thesoccerdrills.com\/es\/#organization"},"potentialAction":[{"@type":"SearchAction","target":{"@type":"EntryPoint","urlTemplate":"https:\/\/thesoccerdrills.com\/es\/?s={search_term_string}"},"query-input":"required name=search_term_string"}],"inLanguage":"es"},{"@type":"Organization","@id":"https:\/\/thesoccerdrills.com\/es\/#organization","name":"The Soccer Drills","url":"https:\/\/thesoccerdrills.com\/es\/","logo":{"@type":"ImageObject","inLanguage":"es","@id":"https:\/\/thesoccerdrills.com\/es\/#\/schema\/logo\/image\/","url":"https:\/\/thesoccerdrills.com\/wp-content\/uploads\/logotipo-V.jpg","contentUrl":"https:\/\/thesoccerdrills.com\/wp-content\/uploads\/logotipo-V.jpg","width":512,"height":512,"caption":"The Soccer Drills"},"image":{"@id":"https:\/\/thesoccerdrills.com\/es\/#\/schema\/logo\/image\/"}}]}},"_links":{"self":[{"href":"https:\/\/thesoccerdrills.com\/es\/wp-json\/wp\/v2\/pages\/2011"}],"collection":[{"href":"https:\/\/thesoccerdrills.com\/es\/wp-json\/wp\/v2\/pages"}],"about":[{"href":"https:\/\/thesoccerdrills.com\/es\/wp-json\/wp\/v2\/types\/page"}],"author":[{"embeddable":true,"href":"https:\/\/thesoccerdrills.com\/es\/wp-json\/wp\/v2\/users\/4"}],"replies":[{"embeddable":true,"href":"https:\/\/thesoccerdrills.com\/es\/wp-json\/wp\/v2\/comments?post=2011"}],"version-history":[{"count":0,"href":"https:\/\/thesoccerdrills.com\/es\/wp-json\/wp\/v2\/pages\/2011\/revisions"}],"wp:attachment":[{"href":"https:\/\/thesoccerdrills.com\/es\/wp-json\/wp\/v2\/media?parent=2011"}],"curies":[{"name":"wp","href":"https:\/\/api.w.org\/{rel}","templated":true}]}}