{"id":2005,"date":"2020-04-11T18:08:03","date_gmt":"2020-04-11T18:08:03","guid":{"rendered":"https:\/\/thesoccerdrills.com\/my-account\/"},"modified":"2020-06-09T06:27:00","modified_gmt":"2020-06-09T06:27:00","slug":"mi-cuenta","status":"publish","type":"page","link":"https:\/\/thesoccerdrills.com\/es\/mi-cuenta\/","title":{"rendered":"Mi cuenta"},"content":{"rendered":"<p>[et_pb_section fb_built=\u00bb1&#8243; _builder_version=\u00bb4.3.4&#8243; background_color=\u00bb#000000&#8243; background_image=\u00bbhttps:\/\/thesoccerdrills.com\/wp-content\/uploads\/bg-woocommerce.png\u00bb background_position=\u00bbbottom_center\u00bb custom_padding=\u00bb2vw||2vw||true|false\u00bb global_module=\u00bb1698&#8243; saved_tabs=\u00bball\u00bb collapsed=\u00bboff\u00bb][et_pb_row column_structure=\u00bb1_2,1_2&#8243; _builder_version=\u00bb4.0.11&#8243;][et_pb_column type=\u00bb1_2&#8243; _builder_version=\u00bb4.0.11&#8243;][et_pb_cta title=\u00bb@ET-DC@eyJkeW5hbWljIjp0cnVlLCJjb250ZW50IjoicG9zdF90aXRsZSIsInNldHRpbmdzIjp7ImJlZm9yZSI6IiIsImFmdGVyIjoiIn19@\u00bb _builder_version=\u00bb4.4.6&#8243; _dynamic_attributes=\u00bbtitle,content\u00bb header_font=\u00bb|800||on|||||\u00bb header_font_size=\u00bb48px\u00bb body_font_size=\u00bb19px\u00bb body_line_height=\u00bb1.6em\u00bb background_enable_color=\u00bboff\u00bb use_background_color=\u00bboff\u00bb text_orientation=\u00bbleft\u00bb background_layout=\u00bblight\u00bb locked=\u00bboff\u00bb header_2_font_size_tablet=\u00bb8vw\u00bb header_2_font_size_phone=\u00bb10vw\u00bb header_2_font_size_last_edited=\u00bbon|phone\u00bb]@ET-DC@eyJkeW5hbWljIjp0cnVlLCJjb250ZW50IjoicG9zdF9leGNlcnB0Iiwic2V0dGluZ3MiOnsiYmVmb3JlIjoiIiwiYWZ0ZXIiOiIiLCJ3b3JkcyI6IiIsInJlYWRfbW9yZV9sYWJlbCI6IiJ9fQ==@[\/et_pb_cta][\/et_pb_column][et_pb_column type=\u00bb1_2&#8243; _builder_version=\u00bb4.0.11&#8243;][\/et_pb_column][\/et_pb_row][\/et_pb_section][et_pb_section fb_built=\u00bb1&#8243; _builder_version=\u00bb4.4.5&#8243; custom_padding=\u00bb2vw||2vw||true|false\u00bb collapsed=\u00bbon\u00bb][et_pb_row _builder_version=\u00bb4.4.3&#8243; background_size=\u00bbinitial\u00bb background_position=\u00bbtop_left\u00bb background_repeat=\u00bbrepeat\u00bb collapsed=\u00bboff\u00bb][et_pb_column type=\u00bb4_4&#8243; _builder_version=\u00bb3.25&#8243; custom_padding=\u00bb|||\u00bb custom_padding__hover=\u00bb|||\u00bb][et_pb_text _builder_version=\u00bb4.4.4&#8243; background_size=\u00bbinitial\u00bb background_position=\u00bbtop_left\u00bb background_repeat=\u00bbrepeat\u00bb]<\/p>\n<p><div class=\"woocommerce\"><\/div><br \/> <!-- \/divi:shortcode --><\/p>\n<p>[\/et_pb_text][\/et_pb_column][\/et_pb_row][\/et_pb_section][et_pb_section fb_built=\u00bb1&#8243; custom_padding_last_edited=\u00bbon|phone\u00bb admin_label=\u00bbSUBSCRIBE EMAIL\u00bb _builder_version=\u00bb4.4.7&#8243; background_enable_color=\u00bboff\u00bb use_background_color_gradient=\u00bbon\u00bb background_color_gradient_start=\u00bb#000000&#8243; background_color_gradient_end=\u00bb#2dbb51&#8243; background_color_gradient_direction=\u00bb360deg\u00bb background_image=\u00bbhttps:\/\/thesoccerdrills.com\/wp-content\/uploads\/bg-subscribe.png\u00bb background_position=\u00bbtop_center\u00bb custom_margin=\u00bb||\u00bb custom_padding=\u00bb16vw||5vw||false|\u00bb custom_padding_tablet=\u00bb36vw||\u00bb custom_padding_phone=\u00bb46vw||4vw||false|\u00bb global_module=\u00bb1670&#8243; saved_tabs=\u00bball\u00bb locked=\u00bboff\u00bb collapsed=\u00bboff\u00bb][et_pb_row column_structure=\u00bb1_2,1_2&#8243; _builder_version=\u00bb3.25&#8243;][et_pb_column type=\u00bb1_2&#8243; _builder_version=\u00bb3.25&#8243; custom_padding=\u00bb|||\u00bb custom_padding__hover=\u00bb|||\u00bb][et_pb_cta title=\u00bbSuscr\u00edbete\u00bb _builder_version=\u00bb4.4.7&#8243; header_font=\u00bb|800||on|||||\u00bb header_font_size=\u00bb48px\u00bb body_font_size=\u00bb19px\u00bb body_line_height=\u00bb1.6em\u00bb background_enable_color=\u00bboff\u00bb use_background_color=\u00bboff\u00bb text_orientation=\u00bbleft\u00bb custom_margin=\u00bb||0px||false|false\u00bb locked=\u00bboff\u00bb]Suscr\u00edbete y recibir\u00e1s nuestras actualizaciones de contenidos (gratuitas y de suscripci\u00f3n).[\/et_pb_cta][et_pb_signup mailchimp_list=\u00bbThe Soccer Drills|9e0af33c79&#8243; first_name_field=\u00bboff\u00bb last_name_field=\u00bboff\u00bb use_custom_fields=\u00bbon\u00bb module_class=\u00bbpa-hide-optin-group\u00bb _builder_version=\u00bb4.4.3&#8243; form_field_font=\u00bb||||||||\u00bb use_background_color=\u00bboff\u00bb border_radii_fields=\u00bbon|5px|5px|5px|5px\u00bb button_bg_color__hover_enabled=\u00bbon|desktop\u00bb button_bg_color__hover=\u00bb#12892B\u00bb button_bg_enable_color__hover=\u00bbon\u00bb][\/et_pb_signup][et_pb_social_media_follow _builder_version=\u00bb4.0.9&#8243; text_orientation=\u00bbcenter\u00bb][et_pb_social_media_follow_network social_network=\u00bbfacebook\u00bb _builder_version=\u00bb3.22.7&#8243; background_color=\u00bbrgba(0,0,0,0)\u00bb custom_padding=\u00bb10px|10px|10px|10px\u00bb border_radii=\u00bbon|0px|0px|0px|0px\u00bb follow_button=\u00bboff\u00bb url_new_window=\u00bbon\u00bb]facebook[\/et_pb_social_media_follow_network][et_pb_social_media_follow_network social_network=\u00bbtwitter\u00bb _builder_version=\u00bb3.22.7&#8243; background_color=\u00bbrgba(0,0,0,0)\u00bb custom_padding=\u00bb10px|10px|10px|10px\u00bb border_radii=\u00bbon|0px|0px|0px|0px\u00bb follow_button=\u00bboff\u00bb url_new_window=\u00bbon\u00bb]twitter[\/et_pb_social_media_follow_network][et_pb_social_media_follow_network social_network=\u00bbyoutube\u00bb _builder_version=\u00bb3.22.7&#8243; background_color=\u00bbrgba(0,0,0,0)\u00bb custom_padding=\u00bb10px|10px|10px|10px\u00bb border_radii=\u00bbon|0px|0px|0px|0px\u00bb follow_button=\u00bboff\u00bb url_new_window=\u00bbon\u00bb]youtube[\/et_pb_social_media_follow_network][\/et_pb_social_media_follow][\/et_pb_column][et_pb_column type=\u00bb1_2&#8243; _builder_version=\u00bb3.25&#8243; custom_padding=\u00bb|||\u00bb custom_padding__hover=\u00bb|||\u00bb][\/et_pb_column][\/et_pb_row][\/et_pb_section]<\/p>\n","protected":false},"excerpt":{"rendered":"<p>P\u00e1gina de mi cuenta donde podr\u00e1s ver toda la informaci\u00f3n de usuario, suscripciones, direcciones de facturaci\u00f3n, m\u00e9todos de pago y cambios de contrase\u00f1a.<\/p>\n","protected":false},"author":4,"featured_media":0,"parent":0,"menu_order":10,"comment_status":"closed","ping_status":"closed","template":"","meta":{"_et_pb_use_builder":"on","_et_pb_old_content":"<!-- wp:shortcode -->[woocommerce_my_account]<!-- \/wp:shortcode -->","_et_gb_content_width":"","footnotes":""},"acf":[],"yoast_head":"<!-- This site is optimized with the Yoast SEO Premium plugin v21.1 (Yoast SEO v21.1) - https:\/\/yoast.com\/wordpress\/plugins\/seo\/ -->\n<title>Mi cuenta | The Soccer Drills<\/title>\n<meta name=\"description\" content=\"P\u00e1gina de mi cuenta donde podr\u00e1s ver toda la informaci\u00f3n de usuario, suscripciones, direcciones de facturaci\u00f3n, m\u00e9todos de pago y cambios de contrase\u00f1a.\" \/>\n<meta name=\"robots\" content=\"index, follow, max-snippet:-1, max-image-preview:large, max-video-preview:-1\" \/>\n<link rel=\"canonical\" href=\"https:\/\/thesoccerdrills.com\/es\/mi-cuenta\/\" \/>\n<meta property=\"og:locale\" content=\"es_ES\" \/>\n<meta property=\"og:type\" content=\"article\" \/>\n<meta property=\"og:title\" content=\"Mi cuenta\" \/>\n<meta property=\"og:description\" content=\"P\u00e1gina de mi cuenta donde podr\u00e1s ver toda la informaci\u00f3n de usuario, suscripciones, direcciones de facturaci\u00f3n, m\u00e9todos de pago y cambios de contrase\u00f1a.\" \/>\n<meta property=\"og:url\" content=\"https:\/\/thesoccerdrills.com\/es\/mi-cuenta\/\" \/>\n<meta property=\"og:site_name\" content=\"The Soccer Drills\" \/>\n<meta property=\"article:modified_time\" content=\"2020-06-09T06:27:00+00:00\" \/>\n<meta name=\"twitter:card\" content=\"summary_large_image\" \/>\n<meta name=\"twitter:label1\" content=\"Tiempo de lectura\" \/>\n\t<meta name=\"twitter:data1\" content=\"3 minutos\" \/>\n<script type=\"application\/ld+json\" class=\"yoast-schema-graph\">{\"@context\":\"https:\/\/schema.org\",\"@graph\":[{\"@type\":\"WebPage\",\"@id\":\"https:\/\/thesoccerdrills.com\/es\/mi-cuenta\/\",\"url\":\"https:\/\/thesoccerdrills.com\/es\/mi-cuenta\/\",\"name\":\"Mi cuenta | The Soccer Drills\",\"isPartOf\":{\"@id\":\"https:\/\/thesoccerdrills.com\/es\/#website\"},\"datePublished\":\"2020-04-11T18:08:03+00:00\",\"dateModified\":\"2020-06-09T06:27:00+00:00\",\"description\":\"P\u00e1gina de mi cuenta donde podr\u00e1s ver toda la informaci\u00f3n de usuario, suscripciones, direcciones de facturaci\u00f3n, m\u00e9todos de pago y cambios de contrase\u00f1a.\",\"breadcrumb\":{\"@id\":\"https:\/\/thesoccerdrills.com\/es\/mi-cuenta\/#breadcrumb\"},\"inLanguage\":\"es\",\"potentialAction\":[{\"@type\":\"ReadAction\",\"target\":[\"https:\/\/thesoccerdrills.com\/es\/mi-cuenta\/\"]}]},{\"@type\":\"BreadcrumbList\",\"@id\":\"https:\/\/thesoccerdrills.com\/es\/mi-cuenta\/#breadcrumb\",\"itemListElement\":[{\"@type\":\"ListItem\",\"position\":1,\"name\":\"Home\",\"item\":\"https:\/\/thesoccerdrills.com\/es\/\"},{\"@type\":\"ListItem\",\"position\":2,\"name\":\"Mi cuenta\"}]},{\"@type\":\"WebSite\",\"@id\":\"https:\/\/thesoccerdrills.com\/es\/#website\",\"url\":\"https:\/\/thesoccerdrills.com\/es\/\",\"name\":\"The Soccer Drills\",\"description\":\"Making Players Smart\",\"publisher\":{\"@id\":\"https:\/\/thesoccerdrills.com\/es\/#organization\"},\"potentialAction\":[{\"@type\":\"SearchAction\",\"target\":{\"@type\":\"EntryPoint\",\"urlTemplate\":\"https:\/\/thesoccerdrills.com\/es\/?s={search_term_string}\"},\"query-input\":\"required name=search_term_string\"}],\"inLanguage\":\"es\"},{\"@type\":\"Organization\",\"@id\":\"https:\/\/thesoccerdrills.com\/es\/#organization\",\"name\":\"The Soccer Drills\",\"url\":\"https:\/\/thesoccerdrills.com\/es\/\",\"logo\":{\"@type\":\"ImageObject\",\"inLanguage\":\"es\",\"@id\":\"https:\/\/thesoccerdrills.com\/es\/#\/schema\/logo\/image\/\",\"url\":\"https:\/\/thesoccerdrills.com\/wp-content\/uploads\/logotipo-V.jpg\",\"contentUrl\":\"https:\/\/thesoccerdrills.com\/wp-content\/uploads\/logotipo-V.jpg\",\"width\":512,\"height\":512,\"caption\":\"The Soccer Drills\"},\"image\":{\"@id\":\"https:\/\/thesoccerdrills.com\/es\/#\/schema\/logo\/image\/\"}}]}<\/script>\n<!-- \/ Yoast SEO Premium plugin. -->","yoast_head_json":{"title":"Mi cuenta | The Soccer Drills","description":"P\u00e1gina de mi cuenta donde podr\u00e1s ver toda la informaci\u00f3n de usuario, suscripciones, direcciones de facturaci\u00f3n, m\u00e9todos de pago y cambios de contrase\u00f1a.","robots":{"index":"index","follow":"follow","max-snippet":"max-snippet:-1","max-image-preview":"max-image-preview:large","max-video-preview":"max-video-preview:-1"},"canonical":"https:\/\/thesoccerdrills.com\/es\/mi-cuenta\/","og_locale":"es_ES","og_type":"article","og_title":"Mi cuenta","og_description":"P\u00e1gina de mi cuenta donde podr\u00e1s ver toda la informaci\u00f3n de usuario, suscripciones, direcciones de facturaci\u00f3n, m\u00e9todos de pago y cambios de contrase\u00f1a.","og_url":"https:\/\/thesoccerdrills.com\/es\/mi-cuenta\/","og_site_name":"The Soccer Drills","article_modified_time":"2020-06-09T06:27:00+00:00","twitter_card":"summary_large_image","twitter_misc":{"Tiempo de lectura":"3 minutos"},"schema":{"@context":"https:\/\/schema.org","@graph":[{"@type":"WebPage","@id":"https:\/\/thesoccerdrills.com\/es\/mi-cuenta\/","url":"https:\/\/thesoccerdrills.com\/es\/mi-cuenta\/","name":"Mi cuenta | The Soccer Drills","isPartOf":{"@id":"https:\/\/thesoccerdrills.com\/es\/#website"},"datePublished":"2020-04-11T18:08:03+00:00","dateModified":"2020-06-09T06:27:00+00:00","description":"P\u00e1gina de mi cuenta donde podr\u00e1s ver toda la informaci\u00f3n de usuario, suscripciones, direcciones de facturaci\u00f3n, m\u00e9todos de pago y cambios de contrase\u00f1a.","breadcrumb":{"@id":"https:\/\/thesoccerdrills.com\/es\/mi-cuenta\/#breadcrumb"},"inLanguage":"es","potentialAction":[{"@type":"ReadAction","target":["https:\/\/thesoccerdrills.com\/es\/mi-cuenta\/"]}]},{"@type":"BreadcrumbList","@id":"https:\/\/thesoccerdrills.com\/es\/mi-cuenta\/#breadcrumb","itemListElement":[{"@type":"ListItem","position":1,"name":"Home","item":"https:\/\/thesoccerdrills.com\/es\/"},{"@type":"ListItem","position":2,"name":"Mi cuenta"}]},{"@type":"WebSite","@id":"https:\/\/thesoccerdrills.com\/es\/#website","url":"https:\/\/thesoccerdrills.com\/es\/","name":"The Soccer Drills","description":"Making Players Smart","publisher":{"@id":"https:\/\/thesoccerdrills.com\/es\/#organization"},"potentialAction":[{"@type":"SearchAction","target":{"@type":"EntryPoint","urlTemplate":"https:\/\/thesoccerdrills.com\/es\/?s={search_term_string}"},"query-input":"required name=search_term_string"}],"inLanguage":"es"},{"@type":"Organization","@id":"https:\/\/thesoccerdrills.com\/es\/#organization","name":"The Soccer Drills","url":"https:\/\/thesoccerdrills.com\/es\/","logo":{"@type":"ImageObject","inLanguage":"es","@id":"https:\/\/thesoccerdrills.com\/es\/#\/schema\/logo\/image\/","url":"https:\/\/thesoccerdrills.com\/wp-content\/uploads\/logotipo-V.jpg","contentUrl":"https:\/\/thesoccerdrills.com\/wp-content\/uploads\/logotipo-V.jpg","width":512,"height":512,"caption":"The Soccer Drills"},"image":{"@id":"https:\/\/thesoccerdrills.com\/es\/#\/schema\/logo\/image\/"}}]}},"_links":{"self":[{"href":"https:\/\/thesoccerdrills.com\/es\/wp-json\/wp\/v2\/pages\/2005"}],"collection":[{"href":"https:\/\/thesoccerdrills.com\/es\/wp-json\/wp\/v2\/pages"}],"about":[{"href":"https:\/\/thesoccerdrills.com\/es\/wp-json\/wp\/v2\/types\/page"}],"author":[{"embeddable":true,"href":"https:\/\/thesoccerdrills.com\/es\/wp-json\/wp\/v2\/users\/4"}],"replies":[{"embeddable":true,"href":"https:\/\/thesoccerdrills.com\/es\/wp-json\/wp\/v2\/comments?post=2005"}],"version-history":[{"count":0,"href":"https:\/\/thesoccerdrills.com\/es\/wp-json\/wp\/v2\/pages\/2005\/revisions"}],"wp:attachment":[{"href":"https:\/\/thesoccerdrills.com\/es\/wp-json\/wp\/v2\/media?parent=2005"}],"curies":[{"name":"wp","href":"https:\/\/api.w.org\/{rel}","templated":true}]}}