{"id":2003,"date":"2020-04-09T10:32:02","date_gmt":"2020-04-09T10:32:02","guid":{"rendered":"https:\/\/thesoccerdrills.com\/contact\/"},"modified":"2020-07-20T11:06:19","modified_gmt":"2020-07-20T11:06:19","slug":"contacto","status":"publish","type":"page","link":"https:\/\/thesoccerdrills.com\/es\/contacto\/","title":{"rendered":"Contacto"},"content":{"rendered":"<p>[et_pb_section fb_built=\u00bb1&#8243; _builder_version=\u00bb4.4.5&#8243; use_background_color_gradient=\u00bbon\u00bb background_color_gradient_start=\u00bb#2dbb51&#8243; background_color_gradient_end=\u00bbrgba(45,187,81,0)\u00bb background_color_gradient_direction=\u00bb120deg\u00bb background_color_gradient_start_position=\u00bb30%\u00bb background_color_gradient_end_position=\u00bb90%\u00bb background_image=\u00bbhttps:\/\/thesoccerdrills.com\/wp-content\/uploads\/bg-contact.png\u00bb background_position=\u00bbtop_left\u00bb collapsed=\u00bbon\u00bb][et_pb_row column_structure=\u00bb1_2,1_2&#8243; _builder_version=\u00bb4.4.8&#8243;][et_pb_column type=\u00bb1_2&#8243; _builder_version=\u00bb4.0.9&#8243;][et_pb_cta title=\u00bbContacto\u00bb _builder_version=\u00bb4.4.7&#8243; header_level=\u00bbh1&#8243; header_font=\u00bb|800||on|||||\u00bb header_font_size=\u00bb48px\u00bb body_text_color=\u00bb#000000&#8243; body_font_size=\u00bb19px\u00bb body_line_height=\u00bb1.6em\u00bb background_enable_color=\u00bboff\u00bb use_background_color=\u00bboff\u00bb text_orientation=\u00bbleft\u00bb background_layout=\u00bblight\u00bb module_alignment=\u00bbcenter\u00bb locked=\u00bboff\u00bb header_2_font_size_tablet=\u00bb8vw\u00bb header_2_font_size_phone=\u00bb10vw\u00bb header_2_font_size_last_edited=\u00bbon|phone\u00bb]<\/p>\n<p>The Soccer Drills<\/p>\n<p>[\/et_pb_cta][\/et_pb_column][et_pb_column type=\u00bb1_2&#8243; _builder_version=\u00bb4.4.8&#8243; background_color=\u00bb#ffffff\u00bb custom_padding=\u00bb40px|40px|40px|40px|false|false\u00bb border_radii=\u00bbon|7px|7px|7px|7px\u00bb box_shadow_style=\u00bbpreset3&#8243;][et_pb_blurb title=\u00bbEmail\u00bb image=\u00bbhttps:\/\/thesoccerdrills.com\/wp-content\/uploads\/icon-mail.png\u00bb icon_placement=\u00bbleft\u00bb image_max_width=\u00bb130px\u00bb image_max_width_tablet=\u00bb\u00bb image_max_width_phone=\u00bb60px\u00bb image_max_width_last_edited=\u00bbon|desktop\u00bb _builder_version=\u00bb4.4.4&#8243; header_font=\u00bbMontserrat|700|||||||\u00bb header_font_size=\u00bb16px\u00bb header_line_height=\u00bb1.4em\u00bb body_font=\u00bb|700|||||||\u00bb body_line_height=\u00bb1.5em\u00bb body_link_font=\u00bb||||||||\u00bb body_link_text_color=\u00bb#31d190&#8243; custom_margin=\u00bb||0px||false|false\u00bb custom_padding=\u00bb24px||24px||true|\u00bb animation=\u00bboff\u00bb box_shadow_style=\u00bbpreset7&#8243; box_shadow_horizontal=\u00bb120px\u00bb box_shadow_vertical=\u00bb0px\u00bb box_shadow_color=\u00bb#2DBB51&#8243; box_shadow_horizontal_tablet=\u00bb\u00bb box_shadow_horizontal_phone=\u00bb60px\u00bb box_shadow_horizontal_last_edited=\u00bbon|desktop\u00bb box_shadow_color__hover_enabled=\u00bbon|desktop\u00bb box_shadow_color__hover=\u00bb#000000&#8243;]<\/p>\n<p><a href=\"mailto:info@thesoccerdrills.com\">info@thesoccerdrills.com<\/a><\/p>\n<p>[\/et_pb_blurb][\/et_pb_column][\/et_pb_row][\/et_pb_section][et_pb_section fb_built=\u00bb1&#8243; admin_label=\u00bbMessage\u00bb module_id=\u00bbmessage\u00bb _builder_version=\u00bb4.4.5&#8243; background_image=\u00bbhttps:\/\/thesoccerdrills.com\/wp-content\/uploads\/bg-form.png\u00bb background_size=\u00bbcontain\u00bb background_position=\u00bbcenter_left\u00bb collapsed=\u00bbon\u00bb][et_pb_row column_structure=\u00bb1_4,3_4&#8243; _builder_version=\u00bb4.0.9&#8243; locked=\u00bboff\u00bb][et_pb_column type=\u00bb1_4&#8243; _builder_version=\u00bb4.0.9&#8243; custom_padding__hover=\u00bb|||\u00bb][\/et_pb_column][et_pb_column type=\u00bb3_4&#8243; _builder_version=\u00bb4.0.9&#8243; custom_padding__hover=\u00bb|||\u00bb][et_pb_cta title=\u00bbMensaje\u00bb button_text=\u00bbClick Here\u00bb _builder_version=\u00bb4.4.7&#8243; header_font=\u00bb|800||on|||||\u00bb header_font_size=\u00bb48px\u00bb body_font_size=\u00bb19px\u00bb body_line_height=\u00bb1.6em\u00bb background_enable_color=\u00bboff\u00bb use_background_color=\u00bboff\u00bb text_orientation=\u00bbleft\u00bb background_layout=\u00bblight\u00bb locked=\u00bboff\u00bb header_2_font_size_tablet=\u00bb8vw\u00bb header_2_font_size_phone=\u00bb10vw\u00bb header_2_font_size_last_edited=\u00bbon|phone\u00bb]<\/p>\n<p>Mediante nuestro formulario de contacto podr\u00e1s enviarnos un mensaje explic\u00e1ndonos detalladamente el motivo de la consulta.<\/p>\n<p>[\/et_pb_cta][et_pb_contact_form use_spam_service=\u00bbon\u00bb recaptcha_list=\u00bbDefault-0&#8243; email=\u00bbinfo@thesoccerdrills.com\u00bb custom_message=\u00bbNombre: %%nombre%%||et_pb_line_break_holder||Email: %%email%%||et_pb_line_break_holder||||et_pb_line_break_holder||%%mensaje%%\u00bb success_message=\u00bbMensaje enviado con \u00e9xito\u00bb _builder_version=\u00bb4.5.1&#8243; form_field_background_color=\u00bb#ffffff\u00bb title_level=\u00bbh2&#8243; form_field_font=\u00bb||||||||\u00bb background_enable_color=\u00bboff\u00bb custom_button=\u00bbon\u00bb button_text_color=\u00bb#ffffff\u00bb button_bg_color=\u00bb#e5a200&#8243; button_border_color=\u00bb#e5a200&#8243; button_font=\u00bb|600|||||||\u00bb button_icon=\u00bb%%109%%\u00bb max_width_last_edited=\u00bboff|desktop\u00bb custom_margin=\u00bb|||\u00bb custom_margin_tablet=\u00bb0vw|||\u00bb custom_margin_phone=\u00bb0vw|||\u00bb custom_margin_last_edited=\u00bboff|desktop\u00bb custom_padding_tablet=\u00bb200px|||\u00bb custom_padding_phone=\u00bb150px|||\u00bb custom_padding_last_edited=\u00bboff|desktop\u00bb animation_direction=\u00bbright\u00bb hover_enabled=\u00bb0&#8243; title_font_size_last_edited=\u00bboff|phone\u00bb border_radii=\u00bbon|5px|5px|5px|5px\u00bb border_width_all=\u00bb1px\u00bb border_color_all=\u00bbrgba(51,51,51,0.13)\u00bb box_shadow_style=\u00bbpreset3&#8243; box_shadow_style_button=\u00bbpreset3&#8243; button_text_size__hover_enabled=\u00bboff\u00bb button_text_color__hover_enabled=\u00bboff\u00bb button_bg_color__hover_enabled=\u00bboff\u00bb button_border_width__hover_enabled=\u00bboff\u00bb button_border_color__hover_enabled=\u00bboff\u00bb button_border_radius__hover_enabled=\u00bboff\u00bb button_letter_spacing__hover_enabled=\u00bboff\u00bb animation_style__hover=\u00bbnone\u00bb animation_style__hover_enabled=\u00bbnone\u00bb box_shadow_spread__hover_enabled=\u00bboff|desktop\u00bb][et_pb_contact_field field_id=\u00bbnombre\u00bb field_title=\u00bbNombre\u00bb _builder_version=\u00bb4.5.1&#8243; hover_enabled=\u00bb0&#8243; button_text_size__hover_enabled=\u00bboff\u00bb button_one_text_size__hover_enabled=\u00bboff\u00bb button_two_text_size__hover_enabled=\u00bboff\u00bb button_text_color__hover_enabled=\u00bboff\u00bb button_one_text_color__hover_enabled=\u00bboff\u00bb button_two_text_color__hover_enabled=\u00bboff\u00bb button_border_width__hover_enabled=\u00bboff\u00bb button_one_border_width__hover_enabled=\u00bboff\u00bb button_two_border_width__hover_enabled=\u00bboff\u00bb button_border_color__hover_enabled=\u00bboff\u00bb button_one_border_color__hover_enabled=\u00bboff\u00bb button_two_border_color__hover_enabled=\u00bboff\u00bb button_border_radius__hover_enabled=\u00bboff\u00bb button_one_border_radius__hover_enabled=\u00bboff\u00bb button_two_border_radius__hover_enabled=\u00bboff\u00bb button_letter_spacing__hover_enabled=\u00bboff\u00bb button_one_letter_spacing__hover_enabled=\u00bboff\u00bb button_two_letter_spacing__hover_enabled=\u00bboff\u00bb button_bg_color__hover_enabled=\u00bboff\u00bb button_one_bg_color__hover_enabled=\u00bboff\u00bb button_two_bg_color__hover_enabled=\u00bboff\u00bb][\/et_pb_contact_field][et_pb_contact_field field_id=\u00bbemail\u00bb field_title=\u00bbEmail\u00bb field_type=\u00bbemail\u00bb _builder_version=\u00bb4.4.4&#8243; button_text_size__hover_enabled=\u00bboff\u00bb button_one_text_size__hover_enabled=\u00bboff\u00bb button_two_text_size__hover_enabled=\u00bboff\u00bb button_text_color__hover_enabled=\u00bboff\u00bb button_one_text_color__hover_enabled=\u00bboff\u00bb button_two_text_color__hover_enabled=\u00bboff\u00bb button_border_width__hover_enabled=\u00bboff\u00bb button_one_border_width__hover_enabled=\u00bboff\u00bb button_two_border_width__hover_enabled=\u00bboff\u00bb button_border_color__hover_enabled=\u00bboff\u00bb button_one_border_color__hover_enabled=\u00bboff\u00bb button_two_border_color__hover_enabled=\u00bboff\u00bb button_border_radius__hover_enabled=\u00bboff\u00bb button_one_border_radius__hover_enabled=\u00bboff\u00bb button_two_border_radius__hover_enabled=\u00bboff\u00bb button_letter_spacing__hover_enabled=\u00bboff\u00bb button_one_letter_spacing__hover_enabled=\u00bboff\u00bb button_two_letter_spacing__hover_enabled=\u00bboff\u00bb button_bg_color__hover_enabled=\u00bboff\u00bb button_one_bg_color__hover_enabled=\u00bboff\u00bb button_two_bg_color__hover_enabled=\u00bboff\u00bb][\/et_pb_contact_field][et_pb_contact_field field_id=\u00bbmensaje\u00bb field_title=\u00bbMensaje\u00bb field_type=\u00bbtext\u00bb fullwidth_field=\u00bbon\u00bb _builder_version=\u00bb4.4.4&#8243; button_text_size__hover_enabled=\u00bboff\u00bb button_one_text_size__hover_enabled=\u00bboff\u00bb button_two_text_size__hover_enabled=\u00bboff\u00bb button_text_color__hover_enabled=\u00bboff\u00bb button_one_text_color__hover_enabled=\u00bboff\u00bb button_two_text_color__hover_enabled=\u00bboff\u00bb button_border_width__hover_enabled=\u00bboff\u00bb button_one_border_width__hover_enabled=\u00bboff\u00bb button_two_border_width__hover_enabled=\u00bboff\u00bb button_border_color__hover_enabled=\u00bboff\u00bb button_one_border_color__hover_enabled=\u00bboff\u00bb button_two_border_color__hover_enabled=\u00bboff\u00bb button_border_radius__hover_enabled=\u00bboff\u00bb button_one_border_radius__hover_enabled=\u00bboff\u00bb button_two_border_radius__hover_enabled=\u00bboff\u00bb button_letter_spacing__hover_enabled=\u00bboff\u00bb button_one_letter_spacing__hover_enabled=\u00bboff\u00bb button_two_letter_spacing__hover_enabled=\u00bboff\u00bb button_bg_color__hover_enabled=\u00bboff\u00bb button_one_bg_color__hover_enabled=\u00bboff\u00bb button_two_bg_color__hover_enabled=\u00bboff\u00bb][\/et_pb_contact_field][\/et_pb_contact_form][\/et_pb_column][\/et_pb_row][\/et_pb_section][et_pb_section fb_built=\u00bb1&#8243; custom_padding_last_edited=\u00bbon|phone\u00bb admin_label=\u00bbSUBSCRIBE EMAIL\u00bb _builder_version=\u00bb4.4.7&#8243; background_enable_color=\u00bboff\u00bb use_background_color_gradient=\u00bbon\u00bb background_color_gradient_start=\u00bb#000000&#8243; background_color_gradient_end=\u00bb#2dbb51&#8243; background_color_gradient_direction=\u00bb360deg\u00bb background_image=\u00bbhttps:\/\/thesoccerdrills.com\/wp-content\/uploads\/bg-subscribe.png\u00bb background_position=\u00bbtop_center\u00bb custom_margin=\u00bb||\u00bb custom_padding=\u00bb16vw||5vw||false|\u00bb custom_padding_tablet=\u00bb36vw||\u00bb custom_padding_phone=\u00bb46vw||4vw||false|\u00bb global_module=\u00bb1670&#8243; saved_tabs=\u00bball\u00bb locked=\u00bboff\u00bb collapsed=\u00bboff\u00bb][et_pb_row column_structure=\u00bb1_2,1_2&#8243; _builder_version=\u00bb3.25&#8243;][et_pb_column type=\u00bb1_2&#8243; _builder_version=\u00bb3.25&#8243; custom_padding=\u00bb|||\u00bb custom_padding__hover=\u00bb|||\u00bb][et_pb_cta title=\u00bbSuscr\u00edbete\u00bb _builder_version=\u00bb4.4.7&#8243; header_font=\u00bb|800||on|||||\u00bb header_font_size=\u00bb48px\u00bb body_font_size=\u00bb19px\u00bb body_line_height=\u00bb1.6em\u00bb background_enable_color=\u00bboff\u00bb use_background_color=\u00bboff\u00bb text_orientation=\u00bbleft\u00bb custom_margin=\u00bb||0px||false|false\u00bb locked=\u00bboff\u00bb]Suscr\u00edbete y recibir\u00e1s nuestras actualizaciones de contenidos (gratuitas y de suscripci\u00f3n).[\/et_pb_cta][et_pb_signup mailchimp_list=\u00bbThe Soccer Drills|9e0af33c79&#8243; first_name_field=\u00bboff\u00bb last_name_field=\u00bboff\u00bb use_custom_fields=\u00bbon\u00bb module_class=\u00bbpa-hide-optin-group\u00bb _builder_version=\u00bb4.4.3&#8243; form_field_font=\u00bb||||||||\u00bb use_background_color=\u00bboff\u00bb border_radii_fields=\u00bbon|5px|5px|5px|5px\u00bb button_bg_color__hover_enabled=\u00bbon|desktop\u00bb button_bg_color__hover=\u00bb#12892B\u00bb button_bg_enable_color__hover=\u00bbon\u00bb][\/et_pb_signup][et_pb_social_media_follow _builder_version=\u00bb4.0.9&#8243; text_orientation=\u00bbcenter\u00bb][et_pb_social_media_follow_network social_network=\u00bbfacebook\u00bb _builder_version=\u00bb3.22.7&#8243; background_color=\u00bbrgba(0,0,0,0)\u00bb custom_padding=\u00bb10px|10px|10px|10px\u00bb border_radii=\u00bbon|0px|0px|0px|0px\u00bb follow_button=\u00bboff\u00bb url_new_window=\u00bbon\u00bb]facebook[\/et_pb_social_media_follow_network][et_pb_social_media_follow_network social_network=\u00bbtwitter\u00bb _builder_version=\u00bb3.22.7&#8243; background_color=\u00bbrgba(0,0,0,0)\u00bb custom_padding=\u00bb10px|10px|10px|10px\u00bb border_radii=\u00bbon|0px|0px|0px|0px\u00bb follow_button=\u00bboff\u00bb url_new_window=\u00bbon\u00bb]twitter[\/et_pb_social_media_follow_network][et_pb_social_media_follow_network social_network=\u00bbyoutube\u00bb _builder_version=\u00bb3.22.7&#8243; background_color=\u00bbrgba(0,0,0,0)\u00bb custom_padding=\u00bb10px|10px|10px|10px\u00bb border_radii=\u00bbon|0px|0px|0px|0px\u00bb follow_button=\u00bboff\u00bb url_new_window=\u00bbon\u00bb]youtube[\/et_pb_social_media_follow_network][\/et_pb_social_media_follow][\/et_pb_column][et_pb_column type=\u00bb1_2&#8243; _builder_version=\u00bb3.25&#8243; custom_padding=\u00bb|||\u00bb custom_padding__hover=\u00bb|||\u00bb][\/et_pb_column][\/et_pb_row][\/et_pb_section]<\/p>\n","protected":false},"excerpt":{"rendered":"<p>Mediante nuestro formulario de contacto podr\u00e1s enviarnos un mensaje explic\u00e1ndonos detalladamente el motivo de la consulta.<\/p>\n","protected":false},"author":4,"featured_media":0,"parent":0,"menu_order":3,"comment_status":"closed","ping_status":"closed","template":"","meta":{"_et_pb_use_builder":"on","_et_pb_old_content":"<!-- wp:divi\/placeholder \/-->","_et_gb_content_width":"","footnotes":""},"acf":[],"yoast_head":"<!-- This site is optimized with the Yoast SEO Premium plugin v21.1 (Yoast SEO v21.1) - https:\/\/yoast.com\/wordpress\/plugins\/seo\/ -->\n<title>Contacto | The Soccer Drills<\/title>\n<meta name=\"description\" content=\"Mediante nuestro formulario de contacto podr\u00e1s enviarnos un mensaje explic\u00e1ndonos detalladamente el motivo de la consulta.\" \/>\n<meta name=\"robots\" content=\"index, follow, max-snippet:-1, max-image-preview:large, max-video-preview:-1\" \/>\n<link rel=\"canonical\" href=\"https:\/\/thesoccerdrills.com\/es\/contacto\/\" \/>\n<meta property=\"og:locale\" content=\"es_ES\" \/>\n<meta property=\"og:type\" content=\"article\" \/>\n<meta property=\"og:title\" content=\"Contacto\" \/>\n<meta property=\"og:description\" content=\"Mediante nuestro formulario de contacto podr\u00e1s enviarnos un mensaje explic\u00e1ndonos detalladamente el motivo de la consulta.\" \/>\n<meta property=\"og:url\" content=\"https:\/\/thesoccerdrills.com\/es\/contacto\/\" \/>\n<meta property=\"og:site_name\" content=\"The Soccer Drills\" \/>\n<meta property=\"article:modified_time\" content=\"2020-07-20T11:06:19+00:00\" \/>\n<meta name=\"twitter:card\" content=\"summary_large_image\" \/>\n<meta name=\"twitter:label1\" content=\"Tiempo de lectura\" \/>\n\t<meta name=\"twitter:data1\" content=\"8 minutos\" \/>\n<script type=\"application\/ld+json\" class=\"yoast-schema-graph\">{\"@context\":\"https:\/\/schema.org\",\"@graph\":[{\"@type\":\"WebPage\",\"@id\":\"https:\/\/thesoccerdrills.com\/es\/contacto\/\",\"url\":\"https:\/\/thesoccerdrills.com\/es\/contacto\/\",\"name\":\"Contacto | The Soccer Drills\",\"isPartOf\":{\"@id\":\"https:\/\/thesoccerdrills.com\/es\/#website\"},\"datePublished\":\"2020-04-09T10:32:02+00:00\",\"dateModified\":\"2020-07-20T11:06:19+00:00\",\"description\":\"Mediante nuestro formulario de contacto podr\u00e1s enviarnos un mensaje explic\u00e1ndonos detalladamente el motivo de la consulta.\",\"breadcrumb\":{\"@id\":\"https:\/\/thesoccerdrills.com\/es\/contacto\/#breadcrumb\"},\"inLanguage\":\"es\",\"potentialAction\":[{\"@type\":\"ReadAction\",\"target\":[\"https:\/\/thesoccerdrills.com\/es\/contacto\/\"]}]},{\"@type\":\"BreadcrumbList\",\"@id\":\"https:\/\/thesoccerdrills.com\/es\/contacto\/#breadcrumb\",\"itemListElement\":[{\"@type\":\"ListItem\",\"position\":1,\"name\":\"Home\",\"item\":\"https:\/\/thesoccerdrills.com\/es\/\"},{\"@type\":\"ListItem\",\"position\":2,\"name\":\"Contacto\"}]},{\"@type\":\"WebSite\",\"@id\":\"https:\/\/thesoccerdrills.com\/es\/#website\",\"url\":\"https:\/\/thesoccerdrills.com\/es\/\",\"name\":\"The Soccer Drills\",\"description\":\"Making Players Smart\",\"publisher\":{\"@id\":\"https:\/\/thesoccerdrills.com\/es\/#organization\"},\"potentialAction\":[{\"@type\":\"SearchAction\",\"target\":{\"@type\":\"EntryPoint\",\"urlTemplate\":\"https:\/\/thesoccerdrills.com\/es\/?s={search_term_string}\"},\"query-input\":\"required name=search_term_string\"}],\"inLanguage\":\"es\"},{\"@type\":\"Organization\",\"@id\":\"https:\/\/thesoccerdrills.com\/es\/#organization\",\"name\":\"The Soccer Drills\",\"url\":\"https:\/\/thesoccerdrills.com\/es\/\",\"logo\":{\"@type\":\"ImageObject\",\"inLanguage\":\"es\",\"@id\":\"https:\/\/thesoccerdrills.com\/es\/#\/schema\/logo\/image\/\",\"url\":\"https:\/\/thesoccerdrills.com\/wp-content\/uploads\/logotipo-V.jpg\",\"contentUrl\":\"https:\/\/thesoccerdrills.com\/wp-content\/uploads\/logotipo-V.jpg\",\"width\":512,\"height\":512,\"caption\":\"The Soccer Drills\"},\"image\":{\"@id\":\"https:\/\/thesoccerdrills.com\/es\/#\/schema\/logo\/image\/\"}}]}<\/script>\n<!-- \/ Yoast SEO Premium plugin. -->","yoast_head_json":{"title":"Contacto | The Soccer Drills","description":"Mediante nuestro formulario de contacto podr\u00e1s enviarnos un mensaje explic\u00e1ndonos detalladamente el motivo de la consulta.","robots":{"index":"index","follow":"follow","max-snippet":"max-snippet:-1","max-image-preview":"max-image-preview:large","max-video-preview":"max-video-preview:-1"},"canonical":"https:\/\/thesoccerdrills.com\/es\/contacto\/","og_locale":"es_ES","og_type":"article","og_title":"Contacto","og_description":"Mediante nuestro formulario de contacto podr\u00e1s enviarnos un mensaje explic\u00e1ndonos detalladamente el motivo de la consulta.","og_url":"https:\/\/thesoccerdrills.com\/es\/contacto\/","og_site_name":"The Soccer Drills","article_modified_time":"2020-07-20T11:06:19+00:00","twitter_card":"summary_large_image","twitter_misc":{"Tiempo de lectura":"8 minutos"},"schema":{"@context":"https:\/\/schema.org","@graph":[{"@type":"WebPage","@id":"https:\/\/thesoccerdrills.com\/es\/contacto\/","url":"https:\/\/thesoccerdrills.com\/es\/contacto\/","name":"Contacto | The Soccer Drills","isPartOf":{"@id":"https:\/\/thesoccerdrills.com\/es\/#website"},"datePublished":"2020-04-09T10:32:02+00:00","dateModified":"2020-07-20T11:06:19+00:00","description":"Mediante nuestro formulario de contacto podr\u00e1s enviarnos un mensaje explic\u00e1ndonos detalladamente el motivo de la consulta.","breadcrumb":{"@id":"https:\/\/thesoccerdrills.com\/es\/contacto\/#breadcrumb"},"inLanguage":"es","potentialAction":[{"@type":"ReadAction","target":["https:\/\/thesoccerdrills.com\/es\/contacto\/"]}]},{"@type":"BreadcrumbList","@id":"https:\/\/thesoccerdrills.com\/es\/contacto\/#breadcrumb","itemListElement":[{"@type":"ListItem","position":1,"name":"Home","item":"https:\/\/thesoccerdrills.com\/es\/"},{"@type":"ListItem","position":2,"name":"Contacto"}]},{"@type":"WebSite","@id":"https:\/\/thesoccerdrills.com\/es\/#website","url":"https:\/\/thesoccerdrills.com\/es\/","name":"The Soccer Drills","description":"Making Players Smart","publisher":{"@id":"https:\/\/thesoccerdrills.com\/es\/#organization"},"potentialAction":[{"@type":"SearchAction","target":{"@type":"EntryPoint","urlTemplate":"https:\/\/thesoccerdrills.com\/es\/?s={search_term_string}"},"query-input":"required name=search_term_string"}],"inLanguage":"es"},{"@type":"Organization","@id":"https:\/\/thesoccerdrills.com\/es\/#organization","name":"The Soccer Drills","url":"https:\/\/thesoccerdrills.com\/es\/","logo":{"@type":"ImageObject","inLanguage":"es","@id":"https:\/\/thesoccerdrills.com\/es\/#\/schema\/logo\/image\/","url":"https:\/\/thesoccerdrills.com\/wp-content\/uploads\/logotipo-V.jpg","contentUrl":"https:\/\/thesoccerdrills.com\/wp-content\/uploads\/logotipo-V.jpg","width":512,"height":512,"caption":"The Soccer Drills"},"image":{"@id":"https:\/\/thesoccerdrills.com\/es\/#\/schema\/logo\/image\/"}}]}},"_links":{"self":[{"href":"https:\/\/thesoccerdrills.com\/es\/wp-json\/wp\/v2\/pages\/2003"}],"collection":[{"href":"https:\/\/thesoccerdrills.com\/es\/wp-json\/wp\/v2\/pages"}],"about":[{"href":"https:\/\/thesoccerdrills.com\/es\/wp-json\/wp\/v2\/types\/page"}],"author":[{"embeddable":true,"href":"https:\/\/thesoccerdrills.com\/es\/wp-json\/wp\/v2\/users\/4"}],"replies":[{"embeddable":true,"href":"https:\/\/thesoccerdrills.com\/es\/wp-json\/wp\/v2\/comments?post=2003"}],"version-history":[{"count":0,"href":"https:\/\/thesoccerdrills.com\/es\/wp-json\/wp\/v2\/pages\/2003\/revisions"}],"wp:attachment":[{"href":"https:\/\/thesoccerdrills.com\/es\/wp-json\/wp\/v2\/media?parent=2003"}],"curies":[{"name":"wp","href":"https:\/\/api.w.org\/{rel}","templated":true}]}}