{"id":2001,"date":"2020-04-09T10:31:31","date_gmt":"2020-04-09T10:31:31","guid":{"rendered":"https:\/\/thesoccerdrills.com\/subscription-plans\/"},"modified":"2020-08-26T10:37:50","modified_gmt":"2020-08-26T10:37:50","slug":"planes-de-suscripcion","status":"publish","type":"page","link":"https:\/\/thesoccerdrills.com\/es\/planes-de-suscripcion\/","title":{"rendered":"Planes de Suscripci\u00f3n"},"content":{"rendered":"<p>[et_pb_section fb_built=\u00bb1&#8243; admin_label=\u00bbMEMBERSHIP PLANS\u00bb _builder_version=\u00bb4.5.3&#8243; top_divider_flip=\u00bbvertical|horizontal\u00bb saved_tabs=\u00bball\u00bb collapsed=\u00bbon\u00bb global_module=\u00bb6855&#8243;][et_pb_row _builder_version=\u00bb4.0.6&#8243;][et_pb_column type=\u00bb4_4&#8243; _builder_version=\u00bb4.0.6&#8243;][et_pb_cta title=\u00bbSubscription plans\u00bb _builder_version=\u00bb4.5.3&#8243; header_font=\u00bb|800||on|||||\u00bb header_font_size=\u00bb48px\u00bb body_font_size=\u00bb19px\u00bb body_line_height=\u00bb1.6em\u00bb background_enable_color=\u00bboff\u00bb use_background_color=\u00bboff\u00bb background_layout=\u00bblight\u00bb max_width=\u00bb80%\u00bb module_alignment=\u00bbcenter\u00bb custom_margin=\u00bb||0px||false|false\u00bb]<\/p>\n<p>Get a membership plan with <strong>unlimited access<\/strong> to all sessions, weekly content updates, access to questions \/ comments about all of our content and training tools <strong>with flexible payment plans<\/strong> to meet all the needs of <strong>soccer coaches.<\/strong><\/p>\n<p>[\/et_pb_cta][\/et_pb_column][\/et_pb_row][et_pb_row _builder_version=\u00bb4.0.9&#8243;][et_pb_column type=\u00bb4_4&#8243; _builder_version=\u00bb4.0.6&#8243;][et_pb_pricing_tables header_background_color=\u00bbrgba(255,255,255,0)\u00bb show_bullet=\u00bboff\u00bb _builder_version=\u00bb4.5.3&#8243; currency_frequency_text_color=\u00bb#000000&#8243; price_text_color=\u00bb#000000&#8243; body_text_color=\u00bb#ffffff\u00bb header_font=\u00bb|||on|||||\u00bb header_text_align=\u00bbcenter\u00bb header_font_size=\u00bb32px\u00bb header_letter_spacing=\u00bb1px\u00bb body_font=\u00bb||||||||\u00bb body_font_size=\u00bb16px\u00bb subheader_font=\u00bb||||||||\u00bb price_font=\u00bb|700|||||||\u00bb price_font_size=\u00bb62px\u00bb currency_frequency_font=\u00bb||||||||\u00bb background_enable_color=\u00bboff\u00bb custom_button=\u00bbon\u00bb button_text_color=\u00bb#ffffff\u00bb button_border_width=\u00bb1px\u00bb button_icon=\u00bb%%24%%\u00bb text_orientation=\u00bbcenter\u00bb custom_margin=\u00bb||||false|false\u00bb custom_padding=\u00bb30px||||false|false\u00bb custom_css_pricing_top=\u00bbborder: none;\u00bb border_radii=\u00bbon|7px|7px|7px|7px\u00bb border_width_all=\u00bb0px\u00bb button_text_color_hover=\u00bb#ffffff\u00bb button_border_color_hover=\u00bb#f16334&#8243; button_letter_spacing_hover=\u00bb1px\u00bb button_bg_color_hover=\u00bb#f16334&#8243; button_text_size__hover_enabled=\u00bboff\u00bb button_one_text_size__hover_enabled=\u00bboff\u00bb button_two_text_size__hover_enabled=\u00bboff\u00bb button_text_color__hover_enabled=\u00bbon|desktop\u00bb button_one_text_color__hover_enabled=\u00bboff\u00bb button_two_text_color__hover_enabled=\u00bboff\u00bb button_border_width__hover_enabled=\u00bboff\u00bb button_one_border_width__hover_enabled=\u00bboff\u00bb button_two_border_width__hover_enabled=\u00bboff\u00bb button_border_color__hover_enabled=\u00bbon|desktop\u00bb button_border_color__hover=\u00bbrgba(255,255,255,0)\u00bb button_one_border_color__hover_enabled=\u00bboff\u00bb button_two_border_color__hover_enabled=\u00bboff\u00bb button_border_radius__hover_enabled=\u00bboff\u00bb button_one_border_radius__hover_enabled=\u00bboff\u00bb button_two_border_radius__hover_enabled=\u00bboff\u00bb button_letter_spacing__hover_enabled=\u00bbon|desktop\u00bb button_letter_spacing__hover=\u00bb0px\u00bb button_one_letter_spacing__hover_enabled=\u00bboff\u00bb button_two_letter_spacing__hover_enabled=\u00bboff\u00bb button_bg_color__hover_enabled=\u00bbon|desktop\u00bb button_bg_color__hover=\u00bbrgba(255,255,255,0.2)\u00bb button_one_bg_color__hover_enabled=\u00bboff\u00bb button_two_bg_color__hover_enabled=\u00bboff\u00bb featured_table_background_color__hover_enabled=\u00bbon|hover\u00bb featured_table_bullet_color__hover_enabled=\u00bboff|desktop\u00bb button_bg_enable_color__hover=\u00bbon\u00bb featured_table_price_color__hover_enabled=\u00bboff|desktop\u00bb][et_pb_pricing_table title=\u00bbPlan mensual\u00bb currency=\u00bb$\u00bb per=\u00bbmes\u00bb sum=\u00bb9,99&#8243; button_url=\u00bb@ET-DC@eyJkeW5hbWljIjp0cnVlLCJjb250ZW50IjoicG9zdF9saW5rX3VybF9wcm9kdWN0Iiwic2V0dGluZ3MiOnsicG9zdF9pZCI6IjE1MyJ9fQ==@\u00bb button_text=\u00bbReg\u00edstrate\u00bb _builder_version=\u00bb4.5.3&#8243; _dynamic_attributes=\u00bbbutton_url\u00bb background_enable_color=\u00bboff\u00bb use_background_color_gradient=\u00bbon\u00bb background_color_gradient_start=\u00bbrgba(229,162,0,0.9)\u00bb background_color_gradient_end=\u00bbrgba(102,71,0,0.9)\u00bb background_color_gradient_overlays_image=\u00bbon\u00bb background_image=\u00bbhttps:\/\/thesoccerdrills.com\/wp-content\/uploads\/subscriptions-monthly-plan.jpg\u00bb background_enable_image=\u00bbon\u00bb border_radii=\u00bboff|7px|0px|0px|7px\u00bb button_text_size__hover_enabled=\u00bboff\u00bb button_one_text_size__hover_enabled=\u00bboff\u00bb button_two_text_size__hover_enabled=\u00bboff\u00bb button_text_color__hover_enabled=\u00bboff\u00bb button_one_text_color__hover_enabled=\u00bboff\u00bb button_two_text_color__hover_enabled=\u00bboff\u00bb button_border_width__hover_enabled=\u00bboff\u00bb button_one_border_width__hover_enabled=\u00bboff\u00bb button_two_border_width__hover_enabled=\u00bboff\u00bb button_border_color__hover_enabled=\u00bboff\u00bb button_one_border_color__hover_enabled=\u00bboff\u00bb button_two_border_color__hover_enabled=\u00bboff\u00bb button_border_radius__hover_enabled=\u00bboff\u00bb button_one_border_radius__hover_enabled=\u00bboff\u00bb button_two_border_radius__hover_enabled=\u00bboff\u00bb button_letter_spacing__hover_enabled=\u00bboff\u00bb button_one_letter_spacing__hover_enabled=\u00bboff\u00bb button_two_letter_spacing__hover_enabled=\u00bboff\u00bb button_bg_color__hover_enabled=\u00bboff\u00bb button_one_bg_color__hover_enabled=\u00bboff\u00bb button_two_bg_color__hover_enabled=\u00bboff\u00bb button_icon_default=\u00bb%%24%%\u00bb]+ Pago mensual[\/et_pb_pricing_table][et_pb_pricing_table featured=\u00bbon\u00bb title=\u00bbAnnual plan\u00bb currency=\u00bb$\u00bb per=\u00bba\u00f1o\u00bb sum=\u00bb77,77&#8243; button_url=\u00bb@ET-DC@eyJkeW5hbWljIjp0cnVlLCJjb250ZW50IjoicG9zdF9saW5rX3VybF9wcm9kdWN0Iiwic2V0dGluZ3MiOnsicG9zdF9pZCI6IjE2NCJ9fQ==@\u00bb button_text=\u00bbReg\u00edstrate\u00bb _builder_version=\u00bb4.5.3&#8243; _dynamic_attributes=\u00bbbutton_url\u00bb background_enable_color=\u00bboff\u00bb use_background_color_gradient=\u00bbon\u00bb background_color_gradient_start=\u00bbrgba(224,68,60,0.9)\u00bb background_color_gradient_end=\u00bbrgba(97,30,26,0.9)\u00bb background_color_gradient_overlays_image=\u00bbon\u00bb background_image=\u00bbhttps:\/\/thesoccerdrills.com\/wp-content\/uploads\/subscriptions-annual-plan.jpg\u00bb background_enable_image=\u00bbon\u00bb custom_padding=\u00bb||||false|false\u00bb custom_css_main_element=\u00bbpadding-top: 30px;\u00bb box_shadow_style=\u00bbpreset1&#8243; box_shadow_vertical=\u00bb10px\u00bb box_shadow_blur=\u00bb30px\u00bb box_shadow_spread=\u00bb10px\u00bb box_shadow_color=\u00bbrgba(0,0,0,0.4)\u00bb button_text_size__hover_enabled=\u00bboff\u00bb button_one_text_size__hover_enabled=\u00bboff\u00bb button_two_text_size__hover_enabled=\u00bboff\u00bb button_text_color__hover_enabled=\u00bboff\u00bb button_one_text_color__hover_enabled=\u00bboff\u00bb button_two_text_color__hover_enabled=\u00bboff\u00bb button_border_width__hover_enabled=\u00bboff\u00bb button_one_border_width__hover_enabled=\u00bboff\u00bb button_two_border_width__hover_enabled=\u00bboff\u00bb button_border_color__hover_enabled=\u00bboff\u00bb button_one_border_color__hover_enabled=\u00bboff\u00bb button_two_border_color__hover_enabled=\u00bboff\u00bb button_border_radius__hover_enabled=\u00bboff\u00bb button_one_border_radius__hover_enabled=\u00bboff\u00bb button_two_border_radius__hover_enabled=\u00bboff\u00bb button_letter_spacing__hover_enabled=\u00bboff\u00bb button_one_letter_spacing__hover_enabled=\u00bboff\u00bb button_two_letter_spacing__hover_enabled=\u00bboff\u00bb button_bg_color__hover_enabled=\u00bboff\u00bb button_one_bg_color__hover_enabled=\u00bboff\u00bb button_two_bg_color__hover_enabled=\u00bboff\u00bb background__hover_enabled=\u00bbon|hover\u00bb button_icon_default=\u00bb%%24%%\u00bb]<\/p>\n<p>+ Save 42,11 $<br \/> + Billed yearly<\/p>\n<p>[\/et_pb_pricing_table][et_pb_pricing_table title=\u00bbSemiannual plan\u00bb currency=\u00bb$\u00bb per=\u00bbsemestre\u00bb sum=\u00bb49,99&#8243; button_url=\u00bb@ET-DC@eyJkeW5hbWljIjp0cnVlLCJjb250ZW50IjoicG9zdF9saW5rX3VybF9wcm9kdWN0Iiwic2V0dGluZ3MiOnsicG9zdF9pZCI6IjE2MyJ9fQ==@\u00bb button_text=\u00bbReg\u00edstrate\u00bb _builder_version=\u00bb4.5.3&#8243; _dynamic_attributes=\u00bbbutton_url\u00bb subheader_font=\u00bb||||||on||\u00bb background_enable_color=\u00bboff\u00bb use_background_color_gradient=\u00bbon\u00bb background_color_gradient_start=\u00bbrgba(45,187,81,0.9)\u00bb background_color_gradient_end=\u00bbrgba(14,59,25,0.9)\u00bb background_color_gradient_overlays_image=\u00bbon\u00bb background_image=\u00bbhttps:\/\/thesoccerdrills.com\/wp-content\/uploads\/subscriptions-semiannual-plan.jpg\u00bb background_enable_image=\u00bbon\u00bb border_radii=\u00bboff|0px|7px|7px|0px\u00bb button_text_size__hover_enabled=\u00bboff\u00bb button_one_text_size__hover_enabled=\u00bboff\u00bb button_two_text_size__hover_enabled=\u00bboff\u00bb button_text_color__hover_enabled=\u00bboff\u00bb button_one_text_color__hover_enabled=\u00bboff\u00bb button_two_text_color__hover_enabled=\u00bboff\u00bb button_border_width__hover_enabled=\u00bboff\u00bb button_one_border_width__hover_enabled=\u00bboff\u00bb button_two_border_width__hover_enabled=\u00bboff\u00bb button_border_color__hover_enabled=\u00bboff\u00bb button_one_border_color__hover_enabled=\u00bboff\u00bb button_two_border_color__hover_enabled=\u00bboff\u00bb button_border_radius__hover_enabled=\u00bboff\u00bb button_one_border_radius__hover_enabled=\u00bboff\u00bb button_two_border_radius__hover_enabled=\u00bboff\u00bb button_letter_spacing__hover_enabled=\u00bboff\u00bb button_one_letter_spacing__hover_enabled=\u00bboff\u00bb button_two_letter_spacing__hover_enabled=\u00bboff\u00bb button_bg_color__hover_enabled=\u00bboff\u00bb button_one_bg_color__hover_enabled=\u00bboff\u00bb button_two_bg_color__hover_enabled=\u00bboff\u00bb button_icon_default=\u00bb%%24%%\u00bb]+ Save 9,95 $<br \/>\n+ Billed semiannually[\/et_pb_pricing_table][\/et_pb_pricing_tables][\/et_pb_column][\/et_pb_row][\/et_pb_section][et_pb_section fb_built=\u00bb1&#8243; _builder_version=\u00bb4.4.7&#8243;][et_pb_row column_structure=\u00bb1_2,1_2&#8243; _builder_version=\u00bb4.4.7&#8243;][et_pb_column type=\u00bb1_2&#8243; _builder_version=\u00bb4.4.7&#8243;][et_pb_text _builder_version=\u00bb4.4.7&#8243; text_font_size=\u00bb16px\u00bb]<\/p>\n<ul>\n<li>Actualizaciones de contenidos todas las semanas.<\/li>\n<li>Dar poder a los entrenadores alrededor del mundo.<\/li>\n<li>Los ejercicios de f\u00fatbol anal\u00edticos y repetitivos de t\u00e9cnica y t\u00e1ctica sin contextualizar representan la diferencia entre modernos y antiguos jugadores. Nuestros ejercicios capacitan a los entrenadores para conseguir modernos jugadores de f\u00fatbol..<\/li>\n<\/ul>\n<p>[\/et_pb_text][\/et_pb_column][et_pb_column type=\u00bb1_2&#8243; _builder_version=\u00bb4.4.7&#8243;][et_pb_text _builder_version=\u00bb4.4.7&#8243; text_font_size=\u00bb16px\u00bb]<\/p>\n<ul>\n<li>Todos los ejercicios de esta web son con oposici\u00f3n (acerc\u00e1ndose a la realidad del juego).<\/li>\n<li>Contenidos y ejercicios desarrollados por profesores Uefa Pro.<\/li>\n<li>Nuestros ejercicios de f\u00fatbol te permitir\u00e1n crear entrenamientos reales, divertidos y competitivos para preparar a nuestros futbolistas para los partidos de competici\u00f3n..<\/li>\n<\/ul>\n<p>[\/et_pb_text][\/et_pb_column][\/et_pb_row][\/et_pb_section][et_pb_section fb_built=\u00bb1&#8243; custom_padding_last_edited=\u00bbon|phone\u00bb admin_label=\u00bbSUBSCRIBE EMAIL\u00bb _builder_version=\u00bb4.4.8&#8243; background_enable_color=\u00bboff\u00bb use_background_color_gradient=\u00bbon\u00bb background_color_gradient_start=\u00bb#000000&#8243; background_color_gradient_end=\u00bb#2dbb51&#8243; background_color_gradient_direction=\u00bb360deg\u00bb background_image=\u00bbhttps:\/\/thesoccerdrills.com\/wp-content\/uploads\/bg-subscribe.png\u00bb background_position=\u00bbtop_center\u00bb custom_margin=\u00bb||\u00bb custom_padding=\u00bb16vw||5vw||false|\u00bb custom_padding_tablet=\u00bb36vw||\u00bb custom_padding_phone=\u00bb46vw||4vw||false|\u00bb global_module=\u00bb1670&#8243; saved_tabs=\u00bball\u00bb locked=\u00bboff\u00bb collapsed=\u00bboff\u00bb][et_pb_row column_structure=\u00bb1_2,1_2&#8243; _builder_version=\u00bb3.25&#8243;][et_pb_column type=\u00bb1_2&#8243; _builder_version=\u00bb3.25&#8243; custom_padding=\u00bb|||\u00bb custom_padding__hover=\u00bb|||\u00bb][et_pb_cta title=\u00bbSubscribe\u00bb _builder_version=\u00bb4.4.8&#8243; header_font=\u00bb|800||on|||||\u00bb header_font_size=\u00bb48px\u00bb body_font_size=\u00bb19px\u00bb body_line_height=\u00bb1.6em\u00bb background_enable_color=\u00bboff\u00bb use_background_color=\u00bboff\u00bb text_orientation=\u00bbleft\u00bb custom_margin=\u00bb||0px||false|false\u00bb locked=\u00bboff\u00bb]Subscribe and you will receive our content updates (free and subscription)[\/et_pb_cta][et_pb_signup mailchimp_list=\u00bbThe Soccer Drills|9e0af33c79&#8243; first_name_field=\u00bboff\u00bb last_name_field=\u00bboff\u00bb use_custom_fields=\u00bbon\u00bb module_class=\u00bbpa-hide-optin-group\u00bb _builder_version=\u00bb4.4.3&#8243; form_field_font=\u00bb||||||||\u00bb use_background_color=\u00bboff\u00bb border_radii_fields=\u00bbon|5px|5px|5px|5px\u00bb button_bg_color__hover_enabled=\u00bbon|desktop\u00bb button_bg_color__hover=\u00bb#12892B\u00bb button_bg_enable_color__hover=\u00bbon\u00bb][\/et_pb_signup][et_pb_social_media_follow _builder_version=\u00bb4.0.9&#8243; text_orientation=\u00bbcenter\u00bb][et_pb_social_media_follow_network social_network=\u00bbfacebook\u00bb _builder_version=\u00bb3.22.7&#8243; background_color=\u00bbrgba(0,0,0,0)\u00bb custom_padding=\u00bb10px|10px|10px|10px\u00bb border_radii=\u00bbon|0px|0px|0px|0px\u00bb follow_button=\u00bboff\u00bb url_new_window=\u00bbon\u00bb]facebook[\/et_pb_social_media_follow_network][et_pb_social_media_follow_network social_network=\u00bbtwitter\u00bb _builder_version=\u00bb3.22.7&#8243; background_color=\u00bbrgba(0,0,0,0)\u00bb custom_padding=\u00bb10px|10px|10px|10px\u00bb border_radii=\u00bbon|0px|0px|0px|0px\u00bb follow_button=\u00bboff\u00bb url_new_window=\u00bbon\u00bb]twitter[\/et_pb_social_media_follow_network][et_pb_social_media_follow_network social_network=\u00bbyoutube\u00bb _builder_version=\u00bb3.22.7&#8243; background_color=\u00bbrgba(0,0,0,0)\u00bb custom_padding=\u00bb10px|10px|10px|10px\u00bb border_radii=\u00bbon|0px|0px|0px|0px\u00bb follow_button=\u00bboff\u00bb url_new_window=\u00bbon\u00bb]youtube[\/et_pb_social_media_follow_network][\/et_pb_social_media_follow][\/et_pb_column][et_pb_column type=\u00bb1_2&#8243; _builder_version=\u00bb3.25&#8243; custom_padding=\u00bb|||\u00bb custom_padding__hover=\u00bb|||\u00bb][\/et_pb_column][\/et_pb_row][\/et_pb_section]<\/p>\n","protected":false},"excerpt":{"rendered":"<p>Planes de suscripci\u00f3n con acceso ilimitado a las sesiones y herramientas de entrenamiento para satisfacer las necesidades de los entrenadores de f\u00fatbol.<\/p>\n","protected":false},"author":4,"featured_media":0,"parent":0,"menu_order":2,"comment_status":"closed","ping_status":"closed","template":"","meta":{"_et_pb_use_builder":"on","_et_pb_old_content":"<!-- wp:divi\/placeholder \/-->","_et_gb_content_width":"","footnotes":""},"acf":[],"yoast_head":"<!-- This site is optimized with the Yoast SEO Premium plugin v21.1 (Yoast SEO v21.1) - https:\/\/yoast.com\/wordpress\/plugins\/seo\/ -->\n<title>Planes de Suscripci\u00f3n para Entrenadores de F\u00fatbol | The Soccer Drills<\/title>\n<meta name=\"description\" content=\"Planes de suscripci\u00f3n con acceso ilimitado a las sesiones y herramientas de entrenamiento para satisfacer las necesidades de los entrenadores de f\u00fatbol.\" \/>\n<meta name=\"robots\" content=\"index, follow, max-snippet:-1, max-image-preview:large, max-video-preview:-1\" \/>\n<link rel=\"canonical\" href=\"https:\/\/thesoccerdrills.com\/es\/planes-de-suscripcion\/\" \/>\n<meta property=\"og:locale\" content=\"es_ES\" \/>\n<meta property=\"og:type\" content=\"article\" \/>\n<meta property=\"og:title\" content=\"Planes de Suscripci\u00f3n\" \/>\n<meta property=\"og:description\" content=\"Planes de suscripci\u00f3n con acceso ilimitado a las sesiones y herramientas de entrenamiento para satisfacer las necesidades de los entrenadores de f\u00fatbol.\" \/>\n<meta property=\"og:url\" content=\"https:\/\/thesoccerdrills.com\/es\/planes-de-suscripcion\/\" \/>\n<meta property=\"og:site_name\" content=\"The Soccer Drills\" \/>\n<meta property=\"article:modified_time\" content=\"2020-08-26T10:37:50+00:00\" \/>\n<meta name=\"twitter:card\" content=\"summary_large_image\" \/>\n<meta name=\"twitter:label1\" content=\"Tiempo de lectura\" \/>\n\t<meta name=\"twitter:data1\" content=\"9 minutos\" \/>\n<script type=\"application\/ld+json\" class=\"yoast-schema-graph\">{\"@context\":\"https:\/\/schema.org\",\"@graph\":[{\"@type\":\"WebPage\",\"@id\":\"https:\/\/thesoccerdrills.com\/es\/planes-de-suscripcion\/\",\"url\":\"https:\/\/thesoccerdrills.com\/es\/planes-de-suscripcion\/\",\"name\":\"Planes de Suscripci\u00f3n para Entrenadores de F\u00fatbol | The Soccer Drills\",\"isPartOf\":{\"@id\":\"https:\/\/thesoccerdrills.com\/es\/#website\"},\"datePublished\":\"2020-04-09T10:31:31+00:00\",\"dateModified\":\"2020-08-26T10:37:50+00:00\",\"description\":\"Planes de suscripci\u00f3n con acceso ilimitado a las sesiones y herramientas de entrenamiento para satisfacer las necesidades de los entrenadores de f\u00fatbol.\",\"breadcrumb\":{\"@id\":\"https:\/\/thesoccerdrills.com\/es\/planes-de-suscripcion\/#breadcrumb\"},\"inLanguage\":\"es\",\"potentialAction\":[{\"@type\":\"ReadAction\",\"target\":[\"https:\/\/thesoccerdrills.com\/es\/planes-de-suscripcion\/\"]}]},{\"@type\":\"BreadcrumbList\",\"@id\":\"https:\/\/thesoccerdrills.com\/es\/planes-de-suscripcion\/#breadcrumb\",\"itemListElement\":[{\"@type\":\"ListItem\",\"position\":1,\"name\":\"Home\",\"item\":\"https:\/\/thesoccerdrills.com\/es\/\"},{\"@type\":\"ListItem\",\"position\":2,\"name\":\"Planes de Suscripci\u00f3n\"}]},{\"@type\":\"WebSite\",\"@id\":\"https:\/\/thesoccerdrills.com\/es\/#website\",\"url\":\"https:\/\/thesoccerdrills.com\/es\/\",\"name\":\"The Soccer Drills\",\"description\":\"Making Players Smart\",\"publisher\":{\"@id\":\"https:\/\/thesoccerdrills.com\/es\/#organization\"},\"potentialAction\":[{\"@type\":\"SearchAction\",\"target\":{\"@type\":\"EntryPoint\",\"urlTemplate\":\"https:\/\/thesoccerdrills.com\/es\/?s={search_term_string}\"},\"query-input\":\"required name=search_term_string\"}],\"inLanguage\":\"es\"},{\"@type\":\"Organization\",\"@id\":\"https:\/\/thesoccerdrills.com\/es\/#organization\",\"name\":\"The Soccer Drills\",\"url\":\"https:\/\/thesoccerdrills.com\/es\/\",\"logo\":{\"@type\":\"ImageObject\",\"inLanguage\":\"es\",\"@id\":\"https:\/\/thesoccerdrills.com\/es\/#\/schema\/logo\/image\/\",\"url\":\"https:\/\/thesoccerdrills.com\/wp-content\/uploads\/logotipo-V.jpg\",\"contentUrl\":\"https:\/\/thesoccerdrills.com\/wp-content\/uploads\/logotipo-V.jpg\",\"width\":512,\"height\":512,\"caption\":\"The Soccer Drills\"},\"image\":{\"@id\":\"https:\/\/thesoccerdrills.com\/es\/#\/schema\/logo\/image\/\"}}]}<\/script>\n<!-- \/ Yoast SEO Premium plugin. -->","yoast_head_json":{"title":"Planes de Suscripci\u00f3n para Entrenadores de F\u00fatbol | The Soccer Drills","description":"Planes de suscripci\u00f3n con acceso ilimitado a las sesiones y herramientas de entrenamiento para satisfacer las necesidades de los entrenadores de f\u00fatbol.","robots":{"index":"index","follow":"follow","max-snippet":"max-snippet:-1","max-image-preview":"max-image-preview:large","max-video-preview":"max-video-preview:-1"},"canonical":"https:\/\/thesoccerdrills.com\/es\/planes-de-suscripcion\/","og_locale":"es_ES","og_type":"article","og_title":"Planes de Suscripci\u00f3n","og_description":"Planes de suscripci\u00f3n con acceso ilimitado a las sesiones y herramientas de entrenamiento para satisfacer las necesidades de los entrenadores de f\u00fatbol.","og_url":"https:\/\/thesoccerdrills.com\/es\/planes-de-suscripcion\/","og_site_name":"The Soccer Drills","article_modified_time":"2020-08-26T10:37:50+00:00","twitter_card":"summary_large_image","twitter_misc":{"Tiempo de lectura":"9 minutos"},"schema":{"@context":"https:\/\/schema.org","@graph":[{"@type":"WebPage","@id":"https:\/\/thesoccerdrills.com\/es\/planes-de-suscripcion\/","url":"https:\/\/thesoccerdrills.com\/es\/planes-de-suscripcion\/","name":"Planes de Suscripci\u00f3n para Entrenadores de F\u00fatbol | The Soccer Drills","isPartOf":{"@id":"https:\/\/thesoccerdrills.com\/es\/#website"},"datePublished":"2020-04-09T10:31:31+00:00","dateModified":"2020-08-26T10:37:50+00:00","description":"Planes de suscripci\u00f3n con acceso ilimitado a las sesiones y herramientas de entrenamiento para satisfacer las necesidades de los entrenadores de f\u00fatbol.","breadcrumb":{"@id":"https:\/\/thesoccerdrills.com\/es\/planes-de-suscripcion\/#breadcrumb"},"inLanguage":"es","potentialAction":[{"@type":"ReadAction","target":["https:\/\/thesoccerdrills.com\/es\/planes-de-suscripcion\/"]}]},{"@type":"BreadcrumbList","@id":"https:\/\/thesoccerdrills.com\/es\/planes-de-suscripcion\/#breadcrumb","itemListElement":[{"@type":"ListItem","position":1,"name":"Home","item":"https:\/\/thesoccerdrills.com\/es\/"},{"@type":"ListItem","position":2,"name":"Planes de Suscripci\u00f3n"}]},{"@type":"WebSite","@id":"https:\/\/thesoccerdrills.com\/es\/#website","url":"https:\/\/thesoccerdrills.com\/es\/","name":"The Soccer Drills","description":"Making Players Smart","publisher":{"@id":"https:\/\/thesoccerdrills.com\/es\/#organization"},"potentialAction":[{"@type":"SearchAction","target":{"@type":"EntryPoint","urlTemplate":"https:\/\/thesoccerdrills.com\/es\/?s={search_term_string}"},"query-input":"required name=search_term_string"}],"inLanguage":"es"},{"@type":"Organization","@id":"https:\/\/thesoccerdrills.com\/es\/#organization","name":"The Soccer Drills","url":"https:\/\/thesoccerdrills.com\/es\/","logo":{"@type":"ImageObject","inLanguage":"es","@id":"https:\/\/thesoccerdrills.com\/es\/#\/schema\/logo\/image\/","url":"https:\/\/thesoccerdrills.com\/wp-content\/uploads\/logotipo-V.jpg","contentUrl":"https:\/\/thesoccerdrills.com\/wp-content\/uploads\/logotipo-V.jpg","width":512,"height":512,"caption":"The Soccer Drills"},"image":{"@id":"https:\/\/thesoccerdrills.com\/es\/#\/schema\/logo\/image\/"}}]}},"_links":{"self":[{"href":"https:\/\/thesoccerdrills.com\/es\/wp-json\/wp\/v2\/pages\/2001"}],"collection":[{"href":"https:\/\/thesoccerdrills.com\/es\/wp-json\/wp\/v2\/pages"}],"about":[{"href":"https:\/\/thesoccerdrills.com\/es\/wp-json\/wp\/v2\/types\/page"}],"author":[{"embeddable":true,"href":"https:\/\/thesoccerdrills.com\/es\/wp-json\/wp\/v2\/users\/4"}],"replies":[{"embeddable":true,"href":"https:\/\/thesoccerdrills.com\/es\/wp-json\/wp\/v2\/comments?post=2001"}],"version-history":[{"count":0,"href":"https:\/\/thesoccerdrills.com\/es\/wp-json\/wp\/v2\/pages\/2001\/revisions"}],"wp:attachment":[{"href":"https:\/\/thesoccerdrills.com\/es\/wp-json\/wp\/v2\/media?parent=2001"}],"curies":[{"name":"wp","href":"https:\/\/api.w.org\/{rel}","templated":true}]}}